{"id":38,"date":"2020-03-29T16:24:25","date_gmt":"2020-03-29T16:24:25","guid":{"rendered":"https:\/\/monnomada.net\/toubkal\/?page_id=38"},"modified":"2020-04-02T15:01:58","modified_gmt":"2020-04-02T15:01:58","slug":"alojamiento","status":"publish","type":"page","link":"https:\/\/monnomada.net\/toubkal\/alojamiento\/","title":{"rendered":"Alojamiento"},"content":{"rendered":"<p>[pl_row]<br>\n[pl_col col=12]<br>\n[pl_text]<\/p>\n\n\n<div class=\"wp-block-image\"><figure class=\"aligncenter size-large\"><img loading=\"lazy\" decoding=\"async\" width=\"900\" height=\"450\" src=\"https:\/\/monnomada.net\/toubkal\/wp-content\/uploads\/2020\/04\/hotel_8042.jpg\" alt=\"Entrada al hotel\" class=\"wp-image-108\" srcset=\"https:\/\/monnomada.net\/toubkal\/wp-content\/uploads\/2020\/04\/hotel_8042.jpg 900w, https:\/\/monnomada.net\/toubkal\/wp-content\/uploads\/2020\/04\/hotel_8042-300x150.jpg 300w, https:\/\/monnomada.net\/toubkal\/wp-content\/uploads\/2020\/04\/hotel_8042-768x384.jpg 768w\" sizes=\"(max-width: 900px) 100vw, 900px\" \/><\/figure><\/div>\n\n\n\n<p> Es un refugio de car\u00e1cter familiar, situado en <strong><em>M\u2019zik<\/em><\/strong>, una de las peque\u00f1as aldeas de<em> IMLIL<\/em>.  Muy cerca de la casa de Hassan.&nbsp;\u00c9l mismo y su familia son quienes&nbsp;lo  gestionan y te atienden.&nbsp;Este refugio tiene todos los servicios  indispensables para pernoctar, darse una buena ducha, cena y  desayuno\u2026&nbsp;Un lugar sencillo y acogedor situado en la ladera de la  monta\u00f1a, con una gran terraza desde donde se divisa el valle y las  monta\u00f1as. Cuenta con varios tipos de alojamiento: Habitaciones  sencillas, dobles o comunes seg\u00fan sea el caso. Todo con la proverbial  hospitalidad de la gente de estas monta\u00f1as.&nbsp; <\/p>\n\n\n\n<p><\/p>\n\n\n\n<figure class=\"wp-block-gallery columns-2 is-cropped wp-block-gallery-1 is-layout-flex wp-block-gallery-is-layout-flex\"><ul class=\"blocks-gallery-grid\"><li class=\"blocks-gallery-item\"><figure><img loading=\"lazy\" decoding=\"async\" width=\"800\" height=\"533\" src=\"https:\/\/monnomada.net\/toubkal\/wp-content\/uploads\/2020\/03\/mizik7090.jpg\" alt=\"\" data-id=\"40\" data-link=\"https:\/\/monnomada.net\/toubkal\/?attachment_id=40\" class=\"wp-image-40\" srcset=\"https:\/\/monnomada.net\/toubkal\/wp-content\/uploads\/2020\/03\/mizik7090.jpg 800w, https:\/\/monnomada.net\/toubkal\/wp-content\/uploads\/2020\/03\/mizik7090-300x200.jpg 300w, https:\/\/monnomada.net\/toubkal\/wp-content\/uploads\/2020\/03\/mizik7090-768x512.jpg 768w\" sizes=\"(max-width: 800px) 100vw, 800px\" \/><\/figure><\/li><li class=\"blocks-gallery-item\"><figure><img loading=\"lazy\" decoding=\"async\" width=\"600\" height=\"400\" src=\"https:\/\/monnomada.net\/toubkal\/wp-content\/uploads\/2020\/03\/7101.jpg\" alt=\"\" data-id=\"43\" data-full-url=\"https:\/\/monnomada.net\/toubkal\/wp-content\/uploads\/2020\/03\/7101.jpg\" data-link=\"https:\/\/monnomada.net\/toubkal\/?attachment_id=43\" class=\"wp-image-43\" srcset=\"https:\/\/monnomada.net\/toubkal\/wp-content\/uploads\/2020\/03\/7101.jpg 600w, https:\/\/monnomada.net\/toubkal\/wp-content\/uploads\/2020\/03\/7101-300x200.jpg 300w\" sizes=\"(max-width: 600px) 100vw, 600px\" \/><\/figure><\/li><\/ul><figcaption class=\"blocks-gallery-caption\">Habitaciones dobles, triples, para grupo. <\/figcaption><\/figure>\n\n\n\n<figure class=\"wp-block-gallery columns-2 is-cropped wp-block-gallery-2 is-layout-flex wp-block-gallery-is-layout-flex\"><ul class=\"blocks-gallery-grid\"><li class=\"blocks-gallery-item\"><figure><img loading=\"lazy\" decoding=\"async\" width=\"600\" height=\"400\" src=\"https:\/\/monnomada.net\/toubkal\/wp-content\/uploads\/2020\/03\/7095-1.jpg\" alt=\"\" data-id=\"44\" data-link=\"https:\/\/monnomada.net\/toubkal\/?attachment_id=44\" class=\"wp-image-44\" srcset=\"https:\/\/monnomada.net\/toubkal\/wp-content\/uploads\/2020\/03\/7095-1.jpg 600w, https:\/\/monnomada.net\/toubkal\/wp-content\/uploads\/2020\/03\/7095-1-300x200.jpg 300w\" sizes=\"(max-width: 600px) 100vw, 600px\" \/><\/figure><\/li><li class=\"blocks-gallery-item\"><figure><img loading=\"lazy\" decoding=\"async\" width=\"600\" height=\"400\" src=\"https:\/\/monnomada.net\/toubkal\/wp-content\/uploads\/2020\/03\/7097-1.jpg\" alt=\"\" data-id=\"45\" data-link=\"https:\/\/monnomada.net\/toubkal\/?attachment_id=45\" class=\"wp-image-45\" srcset=\"https:\/\/monnomada.net\/toubkal\/wp-content\/uploads\/2020\/03\/7097-1.jpg 600w, https:\/\/monnomada.net\/toubkal\/wp-content\/uploads\/2020\/03\/7097-1-300x200.jpg 300w\" sizes=\"(max-width: 600px) 100vw, 600px\" \/><\/figure><\/li><\/ul><figcaption class=\"blocks-gallery-caption\">Salones para comer y conocer otros viajeros<\/figcaption><\/figure>\n\n\n\n<figure class=\"wp-block-gallery columns-2 is-cropped wp-block-gallery-3 is-layout-flex wp-block-gallery-is-layout-flex\"><ul class=\"blocks-gallery-grid\"><li class=\"blocks-gallery-item\"><figure><img loading=\"lazy\" decoding=\"async\" width=\"600\" height=\"400\" src=\"https:\/\/monnomada.net\/toubkal\/wp-content\/uploads\/2020\/03\/hassan_5585-2.jpg\" alt=\"\" data-id=\"66\" data-link=\"https:\/\/monnomada.net\/toubkal\/alojamiento\/hassan_5585-2\/\" class=\"wp-image-66\" srcset=\"https:\/\/monnomada.net\/toubkal\/wp-content\/uploads\/2020\/03\/hassan_5585-2.jpg 600w, https:\/\/monnomada.net\/toubkal\/wp-content\/uploads\/2020\/03\/hassan_5585-2-300x200.jpg 300w\" sizes=\"(max-width: 600px) 100vw, 600px\" \/><\/figure><\/li><li class=\"blocks-gallery-item\"><figure><img loading=\"lazy\" decoding=\"async\" width=\"600\" height=\"400\" src=\"https:\/\/monnomada.net\/toubkal\/wp-content\/uploads\/2020\/03\/hassan_5587.jpg\" alt=\"\" data-id=\"67\" data-full-url=\"https:\/\/monnomada.net\/toubkal\/wp-content\/uploads\/2020\/03\/hassan_5587.jpg\" data-link=\"https:\/\/monnomada.net\/toubkal\/alojamiento\/hassan_5587\/\" class=\"wp-image-67\" srcset=\"https:\/\/monnomada.net\/toubkal\/wp-content\/uploads\/2020\/03\/hassan_5587.jpg 600w, https:\/\/monnomada.net\/toubkal\/wp-content\/uploads\/2020\/03\/hassan_5587-300x200.jpg 300w\" sizes=\"(max-width: 600px) 100vw, 600px\" \/><\/figure><\/li><\/ul><\/figure>\n\n\n\n<p> Habitualmente es la gente que contrata  alg\u00fan servicio con Hassan la que pernocta aqu\u00ed, pero tambi\u00e9n puedes  reservar plaza si s\u00f3lo necesitas refugio\u2026 antes de partir hacia el <em>Toubkal<\/em>\u2026 o a la vuelta.&nbsp; <\/p>\n\n\n<p>[\/pl_text]<br>[\/pl_col]<br>[\/pl_row]<\/p>","protected":false},"excerpt":{"rendered":"<p>[pl_row] [pl_col col=12] [pl_text] Es un refugio de car\u00e1cter familiar, situado en M\u2019zik, una de las peque\u00f1as aldeas de IMLIL. Muy cerca de la casa de Hassan.&nbsp;\u00c9l mismo y su familia son quienes&nbsp;lo gestionan y te atienden.&nbsp;Este refugio tiene todos los servicios indispensables para pernoctar, darse una buena ducha, cena <a href=\"https:\/\/monnomada.net\/toubkal\/alojamiento\/\" class=\"btn btn-link continue-link\">Seguir leyendo<\/a><\/p>\n","protected":false},"author":1,"featured_media":0,"parent":0,"menu_order":3,"comment_status":"closed","ping_status":"closed","template":"","meta":{"pagelayer_contact_templates":[],"_pagelayer_content":"","footnotes":""},"aioseo_notices":[],"_links":{"self":[{"href":"https:\/\/monnomada.net\/toubkal\/wp-json\/wp\/v2\/pages\/38"}],"collection":[{"href":"https:\/\/monnomada.net\/toubkal\/wp-json\/wp\/v2\/pages"}],"about":[{"href":"https:\/\/monnomada.net\/toubkal\/wp-json\/wp\/v2\/types\/page"}],"author":[{"embeddable":true,"href":"https:\/\/monnomada.net\/toubkal\/wp-json\/wp\/v2\/users\/1"}],"replies":[{"embeddable":true,"href":"https:\/\/monnomada.net\/toubkal\/wp-json\/wp\/v2\/comments?post=38"}],"version-history":[{"count":6,"href":"https:\/\/monnomada.net\/toubkal\/wp-json\/wp\/v2\/pages\/38\/revisions"}],"predecessor-version":[{"id":110,"href":"https:\/\/monnomada.net\/toubkal\/wp-json\/wp\/v2\/pages\/38\/revisions\/110"}],"wp:attachment":[{"href":"https:\/\/monnomada.net\/toubkal\/wp-json\/wp\/v2\/media?parent=38"}],"curies":[{"name":"wp","href":"https:\/\/api.w.org\/{rel}","templated":true}]}}