{"id":46,"date":"2020-03-07T22:51:42","date_gmt":"2020-03-07T22:51:42","guid":{"rendered":"https:\/\/monnomada.net\/senegal\/?page_id=46"},"modified":"2020-04-10T21:30:47","modified_gmt":"2020-04-10T21:30:47","slug":"reserva-de-bandia","status":"publish","type":"page","link":"https:\/\/monnomada.net\/senegal\/1-2\/reserva-de-bandia\/","title":{"rendered":"Reserva de Bandia"},"content":{"rendered":"<p>Situada en la regi\u00f3 de Thies, la reserva de Bandia es un lugar facilmente accesible, tanto desde <a href=\"https:\/\/monnomada.net\/senegal\/1-2\/dakar\/\">Dakar<\/a> como desde <a href=\"https:\/\/monnomada.net\/senegal\/1-2\/mbour\/\">MBour<\/a>,\u00a0 para ver animales de la sabana. Se trata de un espacio protegido y privado, m\u00e1s visitado que el resto de Parques Nacionales de Senegal. Un lugar creado en 1990, plagado de grandes baobabs que crean un ambiente m\u00e1gico.<\/p>\n<p>En la reserva de animales de Bandia habitan monos, elefantes, leones, rinocerontes, avestruces, cocodrilos, jirafas, cebras, hienas, b\u00fafalos, gacelas,&#8230; que se pueden ver en un safari fotogr\u00e1fico realizado en un 4&#215;4. Seguramente es el safari m\u00e1s econ\u00f3mico que se puede hacer saliendo desde Europa.<\/p>\n<p>&nbsp;<\/p>\n<div class=\"su-table su-table-alternate\">\n<table>\n<tbody>\n<tr>\n<td>\n<figure id=\"attachment_18\" aria-describedby=\"caption-attachment-18\" style=\"width: 300px\" class=\"wp-caption aligncenter\"><img loading=\"lazy\" decoding=\"async\" class=\"size-medium wp-image-18\" src=\"https:\/\/monnomada.net\/senegal\/wp-content\/uploads\/2020\/02\/JIRAFAS-300x195.jpg\" alt=\"RESERVA DE BANDIA\" width=\"300\" height=\"195\" srcset=\"https:\/\/monnomada.net\/senegal\/wp-content\/uploads\/2020\/02\/JIRAFAS-300x195.jpg 300w, https:\/\/monnomada.net\/senegal\/wp-content\/uploads\/2020\/02\/JIRAFAS-230x149.jpg 230w, https:\/\/monnomada.net\/senegal\/wp-content\/uploads\/2020\/02\/JIRAFAS.jpg 720w\" sizes=\"auto, (max-width: 300px) 100vw, 300px\" \/><figcaption id=\"caption-attachment-18\" class=\"wp-caption-text\">Jirafas en la reserva de Bandia<\/figcaption><\/figure><\/td>\n<td>\n<figure id=\"attachment_47\" aria-describedby=\"caption-attachment-47\" style=\"width: 169px\" class=\"wp-caption aligncenter\"><img loading=\"lazy\" decoding=\"async\" class=\"wp-image-47 size-medium\" src=\"https:\/\/monnomada.net\/senegal\/wp-content\/uploads\/2020\/03\/rinoceronte-169x300.jpg\" alt=\"Rinoceronte\" width=\"169\" height=\"300\" srcset=\"https:\/\/monnomada.net\/senegal\/wp-content\/uploads\/2020\/03\/rinoceronte-169x300.jpg 169w, https:\/\/monnomada.net\/senegal\/wp-content\/uploads\/2020\/03\/rinoceronte-230x409.jpg 230w, https:\/\/monnomada.net\/senegal\/wp-content\/uploads\/2020\/03\/rinoceronte.jpg 394w\" sizes=\"auto, (max-width: 169px) 100vw, 169px\" \/><figcaption id=\"caption-attachment-47\" class=\"wp-caption-text\">El rinoceronte en Bandia<\/figcaption><\/figure><\/td>\n<td>\n<figure id=\"attachment_48\" aria-describedby=\"caption-attachment-48\" style=\"width: 225px\" class=\"wp-caption aligncenter\"><img loading=\"lazy\" decoding=\"async\" class=\"wp-image-48 size-medium\" src=\"https:\/\/monnomada.net\/senegal\/wp-content\/uploads\/2020\/03\/zebras-225x300.jpg\" alt=\"Cebras en la Reserva de Bandia\" width=\"225\" height=\"300\" srcset=\"https:\/\/monnomada.net\/senegal\/wp-content\/uploads\/2020\/03\/zebras-225x300.jpg 225w, https:\/\/monnomada.net\/senegal\/wp-content\/uploads\/2020\/03\/zebras-230x307.jpg 230w, https:\/\/monnomada.net\/senegal\/wp-content\/uploads\/2020\/03\/zebras.jpg 450w\" sizes=\"auto, (max-width: 225px) 100vw, 225px\" \/><figcaption id=\"caption-attachment-48\" class=\"wp-caption-text\">Simp\u00e1ticas cebras en Bandia<\/figcaption><\/figure><\/td>\n<\/tr>\n<tr>\n<td>\n<figure id=\"attachment_49\" aria-describedby=\"caption-attachment-49\" style=\"width: 225px\" class=\"wp-caption aligncenter\"><img loading=\"lazy\" decoding=\"async\" class=\"wp-image-49 size-medium\" src=\"https:\/\/monnomada.net\/senegal\/wp-content\/uploads\/2020\/03\/ds-225x300.jpg\" alt=\"Ant\u00edlope en Bandia\" width=\"225\" height=\"300\" srcset=\"https:\/\/monnomada.net\/senegal\/wp-content\/uploads\/2020\/03\/ds-225x300.jpg 225w, https:\/\/monnomada.net\/senegal\/wp-content\/uploads\/2020\/03\/ds-768x1024.jpg 768w, https:\/\/monnomada.net\/senegal\/wp-content\/uploads\/2020\/03\/ds-1152x1536.jpg 1152w, https:\/\/monnomada.net\/senegal\/wp-content\/uploads\/2020\/03\/ds-1536x2048.jpg 1536w, https:\/\/monnomada.net\/senegal\/wp-content\/uploads\/2020\/03\/ds-830x1107.jpg 830w, https:\/\/monnomada.net\/senegal\/wp-content\/uploads\/2020\/03\/ds-230x307.jpg 230w, https:\/\/monnomada.net\/senegal\/wp-content\/uploads\/2020\/03\/ds-scaled.jpg 1920w\" sizes=\"auto, (max-width: 225px) 100vw, 225px\" \/><figcaption id=\"caption-attachment-49\" class=\"wp-caption-text\">Ant\u00edlope<\/figcaption><\/figure><\/td>\n<td>\n<figure id=\"attachment_50\" aria-describedby=\"caption-attachment-50\" style=\"width: 169px\" class=\"wp-caption aligncenter\"><img loading=\"lazy\" decoding=\"async\" class=\"wp-image-50 size-medium\" title=\"Grupo de ganado\" src=\"https:\/\/monnomada.net\/senegal\/wp-content\/uploads\/2020\/03\/sx-169x300.jpg\" alt=\"El descanso del ganado\" width=\"169\" height=\"300\" srcset=\"https:\/\/monnomada.net\/senegal\/wp-content\/uploads\/2020\/03\/sx-169x300.jpg 169w, https:\/\/monnomada.net\/senegal\/wp-content\/uploads\/2020\/03\/sx-576x1024.jpg 576w, https:\/\/monnomada.net\/senegal\/wp-content\/uploads\/2020\/03\/sx-768x1365.jpg 768w, https:\/\/monnomada.net\/senegal\/wp-content\/uploads\/2020\/03\/sx-864x1536.jpg 864w, https:\/\/monnomada.net\/senegal\/wp-content\/uploads\/2020\/03\/sx-1152x2048.jpg 1152w, https:\/\/monnomada.net\/senegal\/wp-content\/uploads\/2020\/03\/sx-830x1476.jpg 830w, https:\/\/monnomada.net\/senegal\/wp-content\/uploads\/2020\/03\/sx-230x409.jpg 230w, https:\/\/monnomada.net\/senegal\/wp-content\/uploads\/2020\/03\/sx-scaled.jpg 1440w\" sizes=\"auto, (max-width: 169px) 100vw, 169px\" \/><figcaption id=\"caption-attachment-50\" class=\"wp-caption-text\">En reposo<\/figcaption><\/figure><\/td>\n<td>\n<figure id=\"attachment_52\" aria-describedby=\"caption-attachment-52\" style=\"width: 225px\" class=\"wp-caption aligncenter\"><img loading=\"lazy\" decoding=\"async\" class=\"wp-image-52 size-medium\" src=\"https:\/\/monnomada.net\/senegal\/wp-content\/uploads\/2020\/03\/sxs-225x300.jpg\" alt=\"B\u00fafalos en Band\u00eda\" width=\"225\" height=\"300\" srcset=\"https:\/\/monnomada.net\/senegal\/wp-content\/uploads\/2020\/03\/sxs-225x300.jpg 225w, https:\/\/monnomada.net\/senegal\/wp-content\/uploads\/2020\/03\/sxs-768x1024.jpg 768w, https:\/\/monnomada.net\/senegal\/wp-content\/uploads\/2020\/03\/sxs-1152x1536.jpg 1152w, https:\/\/monnomada.net\/senegal\/wp-content\/uploads\/2020\/03\/sxs-1536x2048.jpg 1536w, https:\/\/monnomada.net\/senegal\/wp-content\/uploads\/2020\/03\/sxs-830x1107.jpg 830w, https:\/\/monnomada.net\/senegal\/wp-content\/uploads\/2020\/03\/sxs-230x307.jpg 230w, https:\/\/monnomada.net\/senegal\/wp-content\/uploads\/2020\/03\/sxs-scaled.jpg 1920w\" sizes=\"auto, (max-width: 225px) 100vw, 225px\" \/><figcaption id=\"caption-attachment-52\" class=\"wp-caption-text\">B\u00fafalo<\/figcaption><\/figure><\/td>\n<\/tr>\n<tr>\n<td>\n<figure id=\"attachment_215\" aria-describedby=\"caption-attachment-215\" style=\"width: 225px\" class=\"wp-caption aligncenter\"><img loading=\"lazy\" decoding=\"async\" class=\"size-medium wp-image-215\" src=\"https:\/\/monnomada.net\/senegal\/wp-content\/uploads\/2020\/03\/1_095557_0-225x300.jpg\" alt=\"Peque\u00f1os rinocerontes\" width=\"225\" height=\"300\" srcset=\"https:\/\/monnomada.net\/senegal\/wp-content\/uploads\/2020\/03\/1_095557_0-225x300.jpg 225w, https:\/\/monnomada.net\/senegal\/wp-content\/uploads\/2020\/03\/1_095557_0-230x307.jpg 230w, https:\/\/monnomada.net\/senegal\/wp-content\/uploads\/2020\/03\/1_095557_0.jpg 450w\" sizes=\"auto, (max-width: 225px) 100vw, 225px\" \/><figcaption id=\"caption-attachment-215\" class=\"wp-caption-text\">Rinoceronte con sus crias<\/figcaption><\/figure><\/td>\n<td>\n<figure id=\"attachment_216\" aria-describedby=\"caption-attachment-216\" style=\"width: 300px\" class=\"wp-caption aligncenter\"><img loading=\"lazy\" decoding=\"async\" class=\"wp-image-216 size-medium\" src=\"https:\/\/monnomada.net\/senegal\/wp-content\/uploads\/2020\/03\/2-WA0015-300x300.jpg\" alt=\"Divertidos animales\" width=\"300\" height=\"300\" srcset=\"https:\/\/monnomada.net\/senegal\/wp-content\/uploads\/2020\/03\/2-WA0015-300x300.jpg 300w, https:\/\/monnomada.net\/senegal\/wp-content\/uploads\/2020\/03\/2-WA0015-150x150.jpg 150w, https:\/\/monnomada.net\/senegal\/wp-content\/uploads\/2020\/03\/2-WA0015-230x230.jpg 230w, https:\/\/monnomada.net\/senegal\/wp-content\/uploads\/2020\/03\/2-WA0015.jpg 600w\" sizes=\"auto, (max-width: 300px) 100vw, 300px\" \/><figcaption id=\"caption-attachment-216\" class=\"wp-caption-text\">Simp\u00e1ticas jirafas<\/figcaption><\/figure><\/td>\n<td>\n<figure id=\"attachment_217\" aria-describedby=\"caption-attachment-217\" style=\"width: 225px\" class=\"wp-caption aligncenter\"><img loading=\"lazy\" decoding=\"async\" class=\"wp-image-217 size-medium\" src=\"https:\/\/monnomada.net\/senegal\/wp-content\/uploads\/2020\/03\/3_091756_5-225x300.jpg\" alt=\"Animales peleando en la Reserva de Bandia\" width=\"225\" height=\"300\" srcset=\"https:\/\/monnomada.net\/senegal\/wp-content\/uploads\/2020\/03\/3_091756_5-225x300.jpg 225w, https:\/\/monnomada.net\/senegal\/wp-content\/uploads\/2020\/03\/3_091756_5-230x307.jpg 230w, https:\/\/monnomada.net\/senegal\/wp-content\/uploads\/2020\/03\/3_091756_5.jpg 450w\" sizes=\"auto, (max-width: 225px) 100vw, 225px\" \/><figcaption id=\"caption-attachment-217\" class=\"wp-caption-text\">Pelea entre iguales<\/figcaption><\/figure><\/td>\n<\/tr>\n<\/tbody>\n<\/table>\n<\/div>\n","protected":false},"excerpt":{"rendered":"<p>Situada en la regi\u00f3 de Thies, la reserva de Bandia es un lugar facilmente accesible, tanto desde Dakar como desde MBour,\u00a0 para ver animales de la sabana. Se trata de un espacio protegido y privado, m\u00e1s visitado que el resto de Parques Nacionales de Senegal. Un lugar creado en 1990, plagado de grandes baobabs que &#8230;.&nbsp;&nbsp;<a class=\" special\" href=\"https:\/\/monnomada.net\/senegal\/1-2\/reserva-de-bandia\/\">Read More<\/a><\/p>\n","protected":false},"author":1,"featured_media":0,"parent":212,"menu_order":0,"comment_status":"closed","ping_status":"closed","template":"","meta":{"pagelayer_contact_templates":[],"_pagelayer_content":"","footnotes":""},"class_list":["post-46","page","type-page","status-publish","hentry"],"yoast_head":"<!-- This site is optimized with the Yoast SEO plugin v23.0 - https:\/\/yoast.com\/wordpress\/plugins\/seo\/ -->\n<title>Reserva de Bandia - animales salvajes en espacio protegido<\/title>\n<meta name=\"description\" content=\"La Reserva de animales de Bandia es un espacio protegido de f\u00e1cil acceso desde Dakar, donde se pueden ver facilmente animales salvajes africanos\" \/>\n<meta name=\"robots\" content=\"index, follow, max-snippet:-1, max-image-preview:large, max-video-preview:-1\" \/>\n<link rel=\"canonical\" href=\"https:\/\/monnomada.net\/senegal\/1-2\/reserva-de-bandia\/\" \/>\n<meta property=\"og:locale\" content=\"es_ES\" \/>\n<meta property=\"og:type\" content=\"article\" \/>\n<meta property=\"og:title\" content=\"Reserva de Bandia - animales salvajes en espacio protegido\" \/>\n<meta property=\"og:description\" content=\"La Reserva de animales de Bandia es un espacio protegido de f\u00e1cil acceso desde Dakar, donde se pueden ver facilmente animales salvajes africanos\" \/>\n<meta property=\"og:url\" content=\"https:\/\/monnomada.net\/senegal\/1-2\/reserva-de-bandia\/\" \/>\n<meta property=\"article:publisher\" content=\"https:\/\/www.facebook.com\/happytravel.viajes\/\" \/>\n<meta property=\"article:modified_time\" content=\"2020-04-10T21:30:47+00:00\" \/>\n<meta property=\"og:image\" content=\"https:\/\/monnomada.net\/senegal\/wp-content\/uploads\/2020\/02\/JIRAFAS-300x195.jpg\" \/>\n<meta name=\"twitter:card\" content=\"summary_large_image\" \/>\n<meta name=\"twitter:site\" content=\"@happytravelon\" \/>\n<meta name=\"twitter:label1\" content=\"Tiempo de lectura\" \/>\n\t<meta name=\"twitter:data1\" content=\"1 minuto\" \/>\n<script type=\"application\/ld+json\" class=\"yoast-schema-graph\">{\"@context\":\"https:\/\/schema.org\",\"@graph\":[{\"@type\":\"WebPage\",\"@id\":\"https:\/\/monnomada.net\/senegal\/1-2\/reserva-de-bandia\/\",\"url\":\"https:\/\/monnomada.net\/senegal\/1-2\/reserva-de-bandia\/\",\"name\":\"Reserva de Bandia - animales salvajes en espacio protegido\",\"isPartOf\":{\"@id\":\"https:\/\/monnomada.net\/senegal\/#website\"},\"primaryImageOfPage\":{\"@id\":\"https:\/\/monnomada.net\/senegal\/1-2\/reserva-de-bandia\/#primaryimage\"},\"image\":{\"@id\":\"https:\/\/monnomada.net\/senegal\/1-2\/reserva-de-bandia\/#primaryimage\"},\"thumbnailUrl\":\"https:\/\/monnomada.net\/senegal\/wp-content\/uploads\/2020\/02\/JIRAFAS-300x195.jpg\",\"datePublished\":\"2020-03-07T22:51:42+00:00\",\"dateModified\":\"2020-04-10T21:30:47+00:00\",\"description\":\"La Reserva de animales de Bandia es un espacio protegido de f\u00e1cil acceso desde Dakar, donde se pueden ver facilmente animales salvajes africanos\",\"breadcrumb\":{\"@id\":\"https:\/\/monnomada.net\/senegal\/1-2\/reserva-de-bandia\/#breadcrumb\"},\"inLanguage\":\"es\",\"potentialAction\":[{\"@type\":\"ReadAction\",\"target\":[\"https:\/\/monnomada.net\/senegal\/1-2\/reserva-de-bandia\/\"]}]},{\"@type\":\"ImageObject\",\"inLanguage\":\"es\",\"@id\":\"https:\/\/monnomada.net\/senegal\/1-2\/reserva-de-bandia\/#primaryimage\",\"url\":\"https:\/\/monnomada.net\/senegal\/wp-content\/uploads\/2020\/02\/JIRAFAS.jpg\",\"contentUrl\":\"https:\/\/monnomada.net\/senegal\/wp-content\/uploads\/2020\/02\/JIRAFAS.jpg\",\"width\":720,\"height\":467,\"caption\":\"Jirafas en la reserva de Bandia\"},{\"@type\":\"BreadcrumbList\",\"@id\":\"https:\/\/monnomada.net\/senegal\/1-2\/reserva-de-bandia\/#breadcrumb\",\"itemListElement\":[{\"@type\":\"ListItem\",\"position\":1,\"name\":\"Portada\",\"item\":\"https:\/\/monnomada.net\/senegal\/\"},{\"@type\":\"ListItem\",\"position\":2,\"name\":\"Experiencias viajando por Senegal\",\"item\":\"https:\/\/monnomada.net\/senegal\/1-2\/\"},{\"@type\":\"ListItem\",\"position\":3,\"name\":\"Reserva de Bandia\"}]},{\"@type\":\"WebSite\",\"@id\":\"https:\/\/monnomada.net\/senegal\/#website\",\"url\":\"https:\/\/monnomada.net\/senegal\/\",\"name\":\"\",\"description\":\"\",\"publisher\":{\"@id\":\"https:\/\/monnomada.net\/senegal\/#organization\"},\"potentialAction\":[{\"@type\":\"SearchAction\",\"target\":{\"@type\":\"EntryPoint\",\"urlTemplate\":\"https:\/\/monnomada.net\/senegal\/?s={search_term_string}\"},\"query-input\":\"required name=search_term_string\"}],\"inLanguage\":\"es\"},{\"@type\":\"Organization\",\"@id\":\"https:\/\/monnomada.net\/senegal\/#organization\",\"name\":\"Happy Travel Online\",\"url\":\"https:\/\/monnomada.net\/senegal\/\",\"logo\":{\"@type\":\"ImageObject\",\"inLanguage\":\"es\",\"@id\":\"https:\/\/monnomada.net\/senegal\/#\/schema\/logo\/image\/\",\"url\":\"https:\/\/monnomada.net\/senegal\/wp-content\/uploads\/2020\/03\/logo550-e1585087289202.png\",\"contentUrl\":\"https:\/\/monnomada.net\/senegal\/wp-content\/uploads\/2020\/03\/logo550-e1585087289202.png\",\"width\":90,\"height\":90,\"caption\":\"Happy Travel Online\"},\"image\":{\"@id\":\"https:\/\/monnomada.net\/senegal\/#\/schema\/logo\/image\/\"},\"sameAs\":[\"https:\/\/www.facebook.com\/happytravel.viajes\/\",\"https:\/\/x.com\/happytravelon\",\"https:\/\/www.instagram.com\/happytravel.viajes\/\",\"https:\/\/www.youtube.com\/channel\/UCJMoPBeMh6hFMTE4Zzg3sJg\"]}]}<\/script>\n<!-- \/ Yoast SEO plugin. -->","yoast_head_json":{"title":"Reserva de Bandia - animales salvajes en espacio protegido","description":"La Reserva de animales de Bandia es un espacio protegido de f\u00e1cil acceso desde Dakar, donde se pueden ver facilmente animales salvajes africanos","robots":{"index":"index","follow":"follow","max-snippet":"max-snippet:-1","max-image-preview":"max-image-preview:large","max-video-preview":"max-video-preview:-1"},"canonical":"https:\/\/monnomada.net\/senegal\/1-2\/reserva-de-bandia\/","og_locale":"es_ES","og_type":"article","og_title":"Reserva de Bandia - animales salvajes en espacio protegido","og_description":"La Reserva de animales de Bandia es un espacio protegido de f\u00e1cil acceso desde Dakar, donde se pueden ver facilmente animales salvajes africanos","og_url":"https:\/\/monnomada.net\/senegal\/1-2\/reserva-de-bandia\/","article_publisher":"https:\/\/www.facebook.com\/happytravel.viajes\/","article_modified_time":"2020-04-10T21:30:47+00:00","og_image":[{"url":"https:\/\/monnomada.net\/senegal\/wp-content\/uploads\/2020\/02\/JIRAFAS-300x195.jpg"}],"twitter_card":"summary_large_image","twitter_site":"@happytravelon","twitter_misc":{"Tiempo de lectura":"1 minuto"},"schema":{"@context":"https:\/\/schema.org","@graph":[{"@type":"WebPage","@id":"https:\/\/monnomada.net\/senegal\/1-2\/reserva-de-bandia\/","url":"https:\/\/monnomada.net\/senegal\/1-2\/reserva-de-bandia\/","name":"Reserva de Bandia - animales salvajes en espacio protegido","isPartOf":{"@id":"https:\/\/monnomada.net\/senegal\/#website"},"primaryImageOfPage":{"@id":"https:\/\/monnomada.net\/senegal\/1-2\/reserva-de-bandia\/#primaryimage"},"image":{"@id":"https:\/\/monnomada.net\/senegal\/1-2\/reserva-de-bandia\/#primaryimage"},"thumbnailUrl":"https:\/\/monnomada.net\/senegal\/wp-content\/uploads\/2020\/02\/JIRAFAS-300x195.jpg","datePublished":"2020-03-07T22:51:42+00:00","dateModified":"2020-04-10T21:30:47+00:00","description":"La Reserva de animales de Bandia es un espacio protegido de f\u00e1cil acceso desde Dakar, donde se pueden ver facilmente animales salvajes africanos","breadcrumb":{"@id":"https:\/\/monnomada.net\/senegal\/1-2\/reserva-de-bandia\/#breadcrumb"},"inLanguage":"es","potentialAction":[{"@type":"ReadAction","target":["https:\/\/monnomada.net\/senegal\/1-2\/reserva-de-bandia\/"]}]},{"@type":"ImageObject","inLanguage":"es","@id":"https:\/\/monnomada.net\/senegal\/1-2\/reserva-de-bandia\/#primaryimage","url":"https:\/\/monnomada.net\/senegal\/wp-content\/uploads\/2020\/02\/JIRAFAS.jpg","contentUrl":"https:\/\/monnomada.net\/senegal\/wp-content\/uploads\/2020\/02\/JIRAFAS.jpg","width":720,"height":467,"caption":"Jirafas en la reserva de Bandia"},{"@type":"BreadcrumbList","@id":"https:\/\/monnomada.net\/senegal\/1-2\/reserva-de-bandia\/#breadcrumb","itemListElement":[{"@type":"ListItem","position":1,"name":"Portada","item":"https:\/\/monnomada.net\/senegal\/"},{"@type":"ListItem","position":2,"name":"Experiencias viajando por Senegal","item":"https:\/\/monnomada.net\/senegal\/1-2\/"},{"@type":"ListItem","position":3,"name":"Reserva de Bandia"}]},{"@type":"WebSite","@id":"https:\/\/monnomada.net\/senegal\/#website","url":"https:\/\/monnomada.net\/senegal\/","name":"","description":"","publisher":{"@id":"https:\/\/monnomada.net\/senegal\/#organization"},"potentialAction":[{"@type":"SearchAction","target":{"@type":"EntryPoint","urlTemplate":"https:\/\/monnomada.net\/senegal\/?s={search_term_string}"},"query-input":"required name=search_term_string"}],"inLanguage":"es"},{"@type":"Organization","@id":"https:\/\/monnomada.net\/senegal\/#organization","name":"Happy Travel Online","url":"https:\/\/monnomada.net\/senegal\/","logo":{"@type":"ImageObject","inLanguage":"es","@id":"https:\/\/monnomada.net\/senegal\/#\/schema\/logo\/image\/","url":"https:\/\/monnomada.net\/senegal\/wp-content\/uploads\/2020\/03\/logo550-e1585087289202.png","contentUrl":"https:\/\/monnomada.net\/senegal\/wp-content\/uploads\/2020\/03\/logo550-e1585087289202.png","width":90,"height":90,"caption":"Happy Travel Online"},"image":{"@id":"https:\/\/monnomada.net\/senegal\/#\/schema\/logo\/image\/"},"sameAs":["https:\/\/www.facebook.com\/happytravel.viajes\/","https:\/\/x.com\/happytravelon","https:\/\/www.instagram.com\/happytravel.viajes\/","https:\/\/www.youtube.com\/channel\/UCJMoPBeMh6hFMTE4Zzg3sJg"]}]}},"_links":{"self":[{"href":"https:\/\/monnomada.net\/senegal\/wp-json\/wp\/v2\/pages\/46","targetHints":{"allow":["GET"]}}],"collection":[{"href":"https:\/\/monnomada.net\/senegal\/wp-json\/wp\/v2\/pages"}],"about":[{"href":"https:\/\/monnomada.net\/senegal\/wp-json\/wp\/v2\/types\/page"}],"author":[{"embeddable":true,"href":"https:\/\/monnomada.net\/senegal\/wp-json\/wp\/v2\/users\/1"}],"replies":[{"embeddable":true,"href":"https:\/\/monnomada.net\/senegal\/wp-json\/wp\/v2\/comments?post=46"}],"version-history":[{"count":9,"href":"https:\/\/monnomada.net\/senegal\/wp-json\/wp\/v2\/pages\/46\/revisions"}],"predecessor-version":[{"id":278,"href":"https:\/\/monnomada.net\/senegal\/wp-json\/wp\/v2\/pages\/46\/revisions\/278"}],"up":[{"embeddable":true,"href":"https:\/\/monnomada.net\/senegal\/wp-json\/wp\/v2\/pages\/212"}],"wp:attachment":[{"href":"https:\/\/monnomada.net\/senegal\/wp-json\/wp\/v2\/media?parent=46"}],"curies":[{"name":"wp","href":"https:\/\/api.w.org\/{rel}","templated":true}]}}