{"id":41,"date":"2020-02-14T18:16:55","date_gmt":"2020-02-14T18:16:55","guid":{"rendered":"https:\/\/monnomada.net\/senegal\/?page_id=41"},"modified":"2020-04-10T20:46:08","modified_gmt":"2020-04-10T20:46:08","slug":"mbour","status":"publish","type":"page","link":"https:\/\/monnomada.net\/senegal\/1-2\/mbour\/","title":{"rendered":"Mbour y Saly"},"content":{"rendered":"<p><strong>Mbour<\/strong> y <strong>Saly<\/strong> son dos ciudades cercanas de la <strong>Regi\u00f3n de Thi\u00e9s<\/strong>. Ambas costera, pero con una apariencia totalmente contrapuesta.<\/p>\n<p>El principal encanto de <strong>M\u00b4Bour<\/strong> o <strong>Mbour<\/strong>, es la playa, que al mismo tiempo, funciona como puerto pesquero. No es un lugar para ba\u00f1arse, sino para observar la vida cotidiana de los senegaleses, especialmente de los pescadores, que regresan de sus tareas y muchos venden directamente all\u00ed sus capturas.<\/p>\n<p>Detr\u00e1s de la playa se encuentra el mercado donde se vende de todo, como en la mayor\u00eda de mercados africanos. Tal vez el turista encuentre pocos atractivos en <strong>Mbour<\/strong>, si bien la playa es un lugar donde, si uno encuentra una sombra, puede pasarse horas contemplando las idas y venidas de pescadores, compradores, ni\u00f1os jugando, etc. Pero aquel que piensa en la playa para darse un ba\u00f1o o tomar el sol, y le molesta el olor, muchas veces pestilente del pescado puesto para secar, a pocos quil\u00f3metros encuentra <strong>Saly<\/strong>.<\/p>\n<p><strong>Saly<\/strong> es una ciudad tur\u00edstica con un estilo opuesto a Mbour. Se caracteriza por un gran paseo mar\u00edtimo entre la playa y los enormes hoteles llenos de turistas. Arena bastante limpia y agua c\u00e1lida para darse un ba\u00f1o. Si uno se aburre de tanta playa y busca algo diferente, la <a href=\"https:\/\/monnomada.net\/senegal\/1-2\/reserva-de-bandia\/\"><strong>Reserva de Bandia<\/strong><\/a> queda cerca, poco m\u00e1s de 20 quil\u00f3metros en direcci\u00f3n a <a href=\"https:\/\/monnomada.net\/senegal\/1-2\/dakar\/\">Dakar<\/a>.<\/p>\n<div class=\"su-table su-table-alternate\">\n<table>\n<tbody>\n<tr>\n<td>\n<figure id=\"attachment_126\" aria-describedby=\"caption-attachment-126\" style=\"width: 300px\" class=\"wp-caption aligncenter\"><img loading=\"lazy\" decoding=\"async\" class=\"wp-image-126 size-medium\" src=\"https:\/\/monnomada.net\/senegal\/wp-content\/uploads\/2020\/03\/G_1307-300x200.jpg\" alt=\"Regreso a la playa de Mbour\" width=\"300\" height=\"200\" srcset=\"https:\/\/monnomada.net\/senegal\/wp-content\/uploads\/2020\/03\/G_1307-300x200.jpg 300w, https:\/\/monnomada.net\/senegal\/wp-content\/uploads\/2020\/03\/G_1307-230x153.jpg 230w, https:\/\/monnomada.net\/senegal\/wp-content\/uploads\/2020\/03\/G_1307.jpg 650w\" sizes=\"auto, (max-width: 300px) 100vw, 300px\" \/><figcaption id=\"caption-attachment-126\" class=\"wp-caption-text\">Pescadores regresando a la playa con sus capturas.<\/figcaption><\/figure><\/td>\n<td>\n<figure id=\"attachment_128\" aria-describedby=\"caption-attachment-128\" style=\"width: 300px\" class=\"wp-caption aligncenter\"><img loading=\"lazy\" decoding=\"async\" class=\"wp-image-128 size-medium\" src=\"https:\/\/monnomada.net\/senegal\/wp-content\/uploads\/2020\/03\/G_1409-300x200.jpg\" alt=\"Esperando en la playa de Mbour\" width=\"300\" height=\"200\" srcset=\"https:\/\/monnomada.net\/senegal\/wp-content\/uploads\/2020\/03\/G_1409-300x200.jpg 300w, https:\/\/monnomada.net\/senegal\/wp-content\/uploads\/2020\/03\/G_1409-230x153.jpg 230w, https:\/\/monnomada.net\/senegal\/wp-content\/uploads\/2020\/03\/G_1409.jpg 650w\" sizes=\"auto, (max-width: 300px) 100vw, 300px\" \/><figcaption id=\"caption-attachment-128\" class=\"wp-caption-text\">La gente espera la pesca en la playa de Mbour<\/figcaption><\/figure><\/td>\n<td>\n<figure id=\"attachment_129\" aria-describedby=\"caption-attachment-129\" style=\"width: 300px\" class=\"wp-caption aligncenter\"><img loading=\"lazy\" decoding=\"async\" class=\"wp-image-129 size-medium\" src=\"https:\/\/monnomada.net\/senegal\/wp-content\/uploads\/2020\/03\/I_1323-300x200.jpg\" alt=\"Barcas reposando en la playa de Mbour\" width=\"300\" height=\"200\" srcset=\"https:\/\/monnomada.net\/senegal\/wp-content\/uploads\/2020\/03\/I_1323-300x200.jpg 300w, https:\/\/monnomada.net\/senegal\/wp-content\/uploads\/2020\/03\/I_1323-230x153.jpg 230w, https:\/\/monnomada.net\/senegal\/wp-content\/uploads\/2020\/03\/I_1323.jpg 650w\" sizes=\"auto, (max-width: 300px) 100vw, 300px\" \/><figcaption id=\"caption-attachment-129\" class=\"wp-caption-text\">Barcas amarradas en la playa de Mbour a la espera de salir al mar.<\/figcaption><\/figure><\/td>\n<\/tr>\n<tr>\n<td>\n<figure id=\"attachment_130\" aria-describedby=\"caption-attachment-130\" style=\"width: 300px\" class=\"wp-caption aligncenter\"><img loading=\"lazy\" decoding=\"async\" class=\"wp-image-130 size-medium\" src=\"https:\/\/monnomada.net\/senegal\/wp-content\/uploads\/2020\/03\/I_1416-300x200.jpg\" alt=\"Mezquita de Mbour\" width=\"300\" height=\"200\" srcset=\"https:\/\/monnomada.net\/senegal\/wp-content\/uploads\/2020\/03\/I_1416-300x200.jpg 300w, https:\/\/monnomada.net\/senegal\/wp-content\/uploads\/2020\/03\/I_1416-230x153.jpg 230w, https:\/\/monnomada.net\/senegal\/wp-content\/uploads\/2020\/03\/I_1416.jpg 650w\" sizes=\"auto, (max-width: 300px) 100vw, 300px\" \/><figcaption id=\"caption-attachment-130\" class=\"wp-caption-text\">Mezquita de Mbour<\/figcaption><\/figure><\/td>\n<td>\n<figure id=\"attachment_131\" aria-describedby=\"caption-attachment-131\" style=\"width: 300px\" class=\"wp-caption aligncenter\"><img loading=\"lazy\" decoding=\"async\" class=\"wp-image-131 size-medium\" src=\"https:\/\/monnomada.net\/senegal\/wp-content\/uploads\/2020\/03\/MG_1365-300x200.jpg\" alt=\"La gente pasea en la playa\" width=\"300\" height=\"200\" srcset=\"https:\/\/monnomada.net\/senegal\/wp-content\/uploads\/2020\/03\/MG_1365-300x200.jpg 300w, https:\/\/monnomada.net\/senegal\/wp-content\/uploads\/2020\/03\/MG_1365-230x153.jpg 230w, https:\/\/monnomada.net\/senegal\/wp-content\/uploads\/2020\/03\/MG_1365.jpg 650w\" sizes=\"auto, (max-width: 300px) 100vw, 300px\" \/><figcaption id=\"caption-attachment-131\" class=\"wp-caption-text\">Playa de Mbour, la gente sale a comprar pescado.<\/figcaption><\/figure><\/td>\n<td>\n<figure id=\"attachment_132\" aria-describedby=\"caption-attachment-132\" style=\"width: 300px\" class=\"wp-caption aligncenter\"><img loading=\"lazy\" decoding=\"async\" class=\"wp-image-132 size-medium\" src=\"https:\/\/monnomada.net\/senegal\/wp-content\/uploads\/2020\/03\/MG_1412-300x200.jpg\" alt=\"Una calle de Mbour\" width=\"300\" height=\"200\" srcset=\"https:\/\/monnomada.net\/senegal\/wp-content\/uploads\/2020\/03\/MG_1412-300x200.jpg 300w, https:\/\/monnomada.net\/senegal\/wp-content\/uploads\/2020\/03\/MG_1412-230x153.jpg 230w, https:\/\/monnomada.net\/senegal\/wp-content\/uploads\/2020\/03\/MG_1412.jpg 650w\" sizes=\"auto, (max-width: 300px) 100vw, 300px\" \/><figcaption id=\"caption-attachment-132\" class=\"wp-caption-text\">Carros en las calles de Mbour<\/figcaption><\/figure><\/td>\n<\/tr>\n<tr>\n<td>\n<figure id=\"attachment_266\" aria-describedby=\"caption-attachment-266\" style=\"width: 300px\" class=\"wp-caption aligncenter\"><img loading=\"lazy\" decoding=\"async\" class=\"size-medium wp-image-266\" src=\"https:\/\/monnomada.net\/senegal\/wp-content\/uploads\/2020\/04\/mbour_1322-300x200.jpg\" alt=\"Mbour playa\" width=\"300\" height=\"200\" srcset=\"https:\/\/monnomada.net\/senegal\/wp-content\/uploads\/2020\/04\/mbour_1322-300x200.jpg 300w, https:\/\/monnomada.net\/senegal\/wp-content\/uploads\/2020\/04\/mbour_1322-230x153.jpg 230w, https:\/\/monnomada.net\/senegal\/wp-content\/uploads\/2020\/04\/mbour_1322.jpg 650w\" sizes=\"auto, (max-width: 300px) 100vw, 300px\" \/><figcaption id=\"caption-attachment-266\" class=\"wp-caption-text\">Pescado sobre la arena<\/figcaption><\/figure><\/td>\n<td>\n<figure id=\"attachment_267\" aria-describedby=\"caption-attachment-267\" style=\"width: 300px\" class=\"wp-caption aligncenter\"><img loading=\"lazy\" decoding=\"async\" class=\"size-medium wp-image-267\" src=\"https:\/\/monnomada.net\/senegal\/wp-content\/uploads\/2020\/04\/mbour_1362-300x200.jpg\" alt=\"Vendiendo pescado\" width=\"300\" height=\"200\" srcset=\"https:\/\/monnomada.net\/senegal\/wp-content\/uploads\/2020\/04\/mbour_1362-300x200.jpg 300w, https:\/\/monnomada.net\/senegal\/wp-content\/uploads\/2020\/04\/mbour_1362-230x153.jpg 230w, https:\/\/monnomada.net\/senegal\/wp-content\/uploads\/2020\/04\/mbour_1362.jpg 650w\" sizes=\"auto, (max-width: 300px) 100vw, 300px\" \/><figcaption id=\"caption-attachment-267\" class=\"wp-caption-text\">Mercado en la playa<\/figcaption><\/figure><\/td>\n<td>\n<figure id=\"attachment_268\" aria-describedby=\"caption-attachment-268\" style=\"width: 300px\" class=\"wp-caption aligncenter\"><img loading=\"lazy\" decoding=\"async\" class=\"wp-image-268 size-medium\" title=\"Selecci\u00f3n del pescado en la playa\" src=\"https:\/\/monnomada.net\/senegal\/wp-content\/uploads\/2020\/04\/mbour_1405-300x200.jpg\" alt=\"Pescadores en la playa\" width=\"300\" height=\"200\" srcset=\"https:\/\/monnomada.net\/senegal\/wp-content\/uploads\/2020\/04\/mbour_1405-300x200.jpg 300w, https:\/\/monnomada.net\/senegal\/wp-content\/uploads\/2020\/04\/mbour_1405-230x153.jpg 230w, https:\/\/monnomada.net\/senegal\/wp-content\/uploads\/2020\/04\/mbour_1405.jpg 650w\" sizes=\"auto, (max-width: 300px) 100vw, 300px\" \/><figcaption id=\"caption-attachment-268\" class=\"wp-caption-text\">Seleccionando el pescado en la playa<\/figcaption><\/figure><\/td>\n<\/tr>\n<\/tbody>\n<\/table>\n<\/div>\n","protected":false},"excerpt":{"rendered":"<p>Mbour y Saly son dos ciudades cercanas de la Regi\u00f3n de Thi\u00e9s. Ambas costera, pero con una apariencia totalmente contrapuesta. El principal encanto de M\u00b4Bour o Mbour, es la playa, que al mismo tiempo, funciona como puerto pesquero. No es un lugar para ba\u00f1arse, sino para observar la vida cotidiana de los senegaleses, especialmente de &#8230;.&nbsp;&nbsp;<a class=\" special\" href=\"https:\/\/monnomada.net\/senegal\/1-2\/mbour\/\">Read More<\/a><\/p>\n","protected":false},"author":1,"featured_media":0,"parent":212,"menu_order":3,"comment_status":"closed","ping_status":"closed","template":"","meta":{"pagelayer_contact_templates":[],"_pagelayer_content":"","footnotes":""},"class_list":["post-41","page","type-page","status-publish","hentry"],"yoast_head":"<!-- This site is optimized with the Yoast SEO plugin v23.0 - https:\/\/yoast.com\/wordpress\/plugins\/seo\/ -->\n<title>Mbour y Saly - ciudades cercanas de la regi\u00f3n de Thi\u00e9s<\/title>\n<meta name=\"description\" content=\"Mbour y Saly son dos ciudades de la regi\u00f3n de Thi\u00e9s en Senegal. Cercanas, pero opuestas pues mientras la primera es zona pesquera, la otra es tur\u00edstica.\" \/>\n<meta name=\"robots\" content=\"index, follow, max-snippet:-1, max-image-preview:large, max-video-preview:-1\" \/>\n<link rel=\"canonical\" href=\"https:\/\/monnomada.net\/senegal\/1-2\/mbour\/\" \/>\n<meta property=\"og:locale\" content=\"es_ES\" \/>\n<meta property=\"og:type\" content=\"article\" \/>\n<meta property=\"og:title\" content=\"Mbour y Saly - ciudades cercanas de la regi\u00f3n de Thi\u00e9s\" \/>\n<meta property=\"og:description\" content=\"Mbour y Saly son dos ciudades de la regi\u00f3n de Thi\u00e9s en Senegal. Cercanas, pero opuestas pues mientras la primera es zona pesquera, la otra es tur\u00edstica.\" \/>\n<meta property=\"og:url\" content=\"https:\/\/monnomada.net\/senegal\/1-2\/mbour\/\" \/>\n<meta property=\"article:publisher\" content=\"https:\/\/www.facebook.com\/happytravel.viajes\/\" \/>\n<meta property=\"article:modified_time\" content=\"2020-04-10T20:46:08+00:00\" \/>\n<meta property=\"og:image\" content=\"https:\/\/monnomada.net\/senegal\/wp-content\/uploads\/2020\/03\/G_1307-300x200.jpg\" \/>\n<meta name=\"twitter:card\" content=\"summary_large_image\" \/>\n<meta name=\"twitter:site\" content=\"@happytravelon\" \/>\n<meta name=\"twitter:label1\" content=\"Tiempo de lectura\" \/>\n\t<meta name=\"twitter:data1\" content=\"2 minutos\" \/>\n<script type=\"application\/ld+json\" class=\"yoast-schema-graph\">{\"@context\":\"https:\/\/schema.org\",\"@graph\":[{\"@type\":\"WebPage\",\"@id\":\"https:\/\/monnomada.net\/senegal\/1-2\/mbour\/\",\"url\":\"https:\/\/monnomada.net\/senegal\/1-2\/mbour\/\",\"name\":\"Mbour y Saly - ciudades cercanas de la regi\u00f3n de Thi\u00e9s\",\"isPartOf\":{\"@id\":\"https:\/\/monnomada.net\/senegal\/#website\"},\"primaryImageOfPage\":{\"@id\":\"https:\/\/monnomada.net\/senegal\/1-2\/mbour\/#primaryimage\"},\"image\":{\"@id\":\"https:\/\/monnomada.net\/senegal\/1-2\/mbour\/#primaryimage\"},\"thumbnailUrl\":\"https:\/\/monnomada.net\/senegal\/wp-content\/uploads\/2020\/03\/G_1307-300x200.jpg\",\"datePublished\":\"2020-02-14T18:16:55+00:00\",\"dateModified\":\"2020-04-10T20:46:08+00:00\",\"description\":\"Mbour y Saly son dos ciudades de la regi\u00f3n de Thi\u00e9s en Senegal. Cercanas, pero opuestas pues mientras la primera es zona pesquera, la otra es tur\u00edstica.\",\"breadcrumb\":{\"@id\":\"https:\/\/monnomada.net\/senegal\/1-2\/mbour\/#breadcrumb\"},\"inLanguage\":\"es\",\"potentialAction\":[{\"@type\":\"ReadAction\",\"target\":[\"https:\/\/monnomada.net\/senegal\/1-2\/mbour\/\"]}]},{\"@type\":\"ImageObject\",\"inLanguage\":\"es\",\"@id\":\"https:\/\/monnomada.net\/senegal\/1-2\/mbour\/#primaryimage\",\"url\":\"https:\/\/monnomada.net\/senegal\/wp-content\/uploads\/2020\/03\/G_1307.jpg\",\"contentUrl\":\"https:\/\/monnomada.net\/senegal\/wp-content\/uploads\/2020\/03\/G_1307.jpg\",\"width\":650,\"height\":433,\"caption\":\"Pescadores regresando\"},{\"@type\":\"BreadcrumbList\",\"@id\":\"https:\/\/monnomada.net\/senegal\/1-2\/mbour\/#breadcrumb\",\"itemListElement\":[{\"@type\":\"ListItem\",\"position\":1,\"name\":\"Portada\",\"item\":\"https:\/\/monnomada.net\/senegal\/\"},{\"@type\":\"ListItem\",\"position\":2,\"name\":\"Experiencias viajando por Senegal\",\"item\":\"https:\/\/monnomada.net\/senegal\/1-2\/\"},{\"@type\":\"ListItem\",\"position\":3,\"name\":\"Mbour y Saly\"}]},{\"@type\":\"WebSite\",\"@id\":\"https:\/\/monnomada.net\/senegal\/#website\",\"url\":\"https:\/\/monnomada.net\/senegal\/\",\"name\":\"\",\"description\":\"\",\"publisher\":{\"@id\":\"https:\/\/monnomada.net\/senegal\/#organization\"},\"potentialAction\":[{\"@type\":\"SearchAction\",\"target\":{\"@type\":\"EntryPoint\",\"urlTemplate\":\"https:\/\/monnomada.net\/senegal\/?s={search_term_string}\"},\"query-input\":\"required name=search_term_string\"}],\"inLanguage\":\"es\"},{\"@type\":\"Organization\",\"@id\":\"https:\/\/monnomada.net\/senegal\/#organization\",\"name\":\"Happy Travel Online\",\"url\":\"https:\/\/monnomada.net\/senegal\/\",\"logo\":{\"@type\":\"ImageObject\",\"inLanguage\":\"es\",\"@id\":\"https:\/\/monnomada.net\/senegal\/#\/schema\/logo\/image\/\",\"url\":\"https:\/\/monnomada.net\/senegal\/wp-content\/uploads\/2020\/03\/logo550-e1585087289202.png\",\"contentUrl\":\"https:\/\/monnomada.net\/senegal\/wp-content\/uploads\/2020\/03\/logo550-e1585087289202.png\",\"width\":90,\"height\":90,\"caption\":\"Happy Travel Online\"},\"image\":{\"@id\":\"https:\/\/monnomada.net\/senegal\/#\/schema\/logo\/image\/\"},\"sameAs\":[\"https:\/\/www.facebook.com\/happytravel.viajes\/\",\"https:\/\/x.com\/happytravelon\",\"https:\/\/www.instagram.com\/happytravel.viajes\/\",\"https:\/\/www.youtube.com\/channel\/UCJMoPBeMh6hFMTE4Zzg3sJg\"]}]}<\/script>\n<!-- \/ Yoast SEO plugin. -->","yoast_head_json":{"title":"Mbour y Saly - ciudades cercanas de la regi\u00f3n de Thi\u00e9s","description":"Mbour y Saly son dos ciudades de la regi\u00f3n de Thi\u00e9s en Senegal. Cercanas, pero opuestas pues mientras la primera es zona pesquera, la otra es tur\u00edstica.","robots":{"index":"index","follow":"follow","max-snippet":"max-snippet:-1","max-image-preview":"max-image-preview:large","max-video-preview":"max-video-preview:-1"},"canonical":"https:\/\/monnomada.net\/senegal\/1-2\/mbour\/","og_locale":"es_ES","og_type":"article","og_title":"Mbour y Saly - ciudades cercanas de la regi\u00f3n de Thi\u00e9s","og_description":"Mbour y Saly son dos ciudades de la regi\u00f3n de Thi\u00e9s en Senegal. Cercanas, pero opuestas pues mientras la primera es zona pesquera, la otra es tur\u00edstica.","og_url":"https:\/\/monnomada.net\/senegal\/1-2\/mbour\/","article_publisher":"https:\/\/www.facebook.com\/happytravel.viajes\/","article_modified_time":"2020-04-10T20:46:08+00:00","og_image":[{"url":"https:\/\/monnomada.net\/senegal\/wp-content\/uploads\/2020\/03\/G_1307-300x200.jpg"}],"twitter_card":"summary_large_image","twitter_site":"@happytravelon","twitter_misc":{"Tiempo de lectura":"2 minutos"},"schema":{"@context":"https:\/\/schema.org","@graph":[{"@type":"WebPage","@id":"https:\/\/monnomada.net\/senegal\/1-2\/mbour\/","url":"https:\/\/monnomada.net\/senegal\/1-2\/mbour\/","name":"Mbour y Saly - ciudades cercanas de la regi\u00f3n de Thi\u00e9s","isPartOf":{"@id":"https:\/\/monnomada.net\/senegal\/#website"},"primaryImageOfPage":{"@id":"https:\/\/monnomada.net\/senegal\/1-2\/mbour\/#primaryimage"},"image":{"@id":"https:\/\/monnomada.net\/senegal\/1-2\/mbour\/#primaryimage"},"thumbnailUrl":"https:\/\/monnomada.net\/senegal\/wp-content\/uploads\/2020\/03\/G_1307-300x200.jpg","datePublished":"2020-02-14T18:16:55+00:00","dateModified":"2020-04-10T20:46:08+00:00","description":"Mbour y Saly son dos ciudades de la regi\u00f3n de Thi\u00e9s en Senegal. Cercanas, pero opuestas pues mientras la primera es zona pesquera, la otra es tur\u00edstica.","breadcrumb":{"@id":"https:\/\/monnomada.net\/senegal\/1-2\/mbour\/#breadcrumb"},"inLanguage":"es","potentialAction":[{"@type":"ReadAction","target":["https:\/\/monnomada.net\/senegal\/1-2\/mbour\/"]}]},{"@type":"ImageObject","inLanguage":"es","@id":"https:\/\/monnomada.net\/senegal\/1-2\/mbour\/#primaryimage","url":"https:\/\/monnomada.net\/senegal\/wp-content\/uploads\/2020\/03\/G_1307.jpg","contentUrl":"https:\/\/monnomada.net\/senegal\/wp-content\/uploads\/2020\/03\/G_1307.jpg","width":650,"height":433,"caption":"Pescadores regresando"},{"@type":"BreadcrumbList","@id":"https:\/\/monnomada.net\/senegal\/1-2\/mbour\/#breadcrumb","itemListElement":[{"@type":"ListItem","position":1,"name":"Portada","item":"https:\/\/monnomada.net\/senegal\/"},{"@type":"ListItem","position":2,"name":"Experiencias viajando por Senegal","item":"https:\/\/monnomada.net\/senegal\/1-2\/"},{"@type":"ListItem","position":3,"name":"Mbour y Saly"}]},{"@type":"WebSite","@id":"https:\/\/monnomada.net\/senegal\/#website","url":"https:\/\/monnomada.net\/senegal\/","name":"","description":"","publisher":{"@id":"https:\/\/monnomada.net\/senegal\/#organization"},"potentialAction":[{"@type":"SearchAction","target":{"@type":"EntryPoint","urlTemplate":"https:\/\/monnomada.net\/senegal\/?s={search_term_string}"},"query-input":"required name=search_term_string"}],"inLanguage":"es"},{"@type":"Organization","@id":"https:\/\/monnomada.net\/senegal\/#organization","name":"Happy Travel Online","url":"https:\/\/monnomada.net\/senegal\/","logo":{"@type":"ImageObject","inLanguage":"es","@id":"https:\/\/monnomada.net\/senegal\/#\/schema\/logo\/image\/","url":"https:\/\/monnomada.net\/senegal\/wp-content\/uploads\/2020\/03\/logo550-e1585087289202.png","contentUrl":"https:\/\/monnomada.net\/senegal\/wp-content\/uploads\/2020\/03\/logo550-e1585087289202.png","width":90,"height":90,"caption":"Happy Travel Online"},"image":{"@id":"https:\/\/monnomada.net\/senegal\/#\/schema\/logo\/image\/"},"sameAs":["https:\/\/www.facebook.com\/happytravel.viajes\/","https:\/\/x.com\/happytravelon","https:\/\/www.instagram.com\/happytravel.viajes\/","https:\/\/www.youtube.com\/channel\/UCJMoPBeMh6hFMTE4Zzg3sJg"]}]}},"_links":{"self":[{"href":"https:\/\/monnomada.net\/senegal\/wp-json\/wp\/v2\/pages\/41","targetHints":{"allow":["GET"]}}],"collection":[{"href":"https:\/\/monnomada.net\/senegal\/wp-json\/wp\/v2\/pages"}],"about":[{"href":"https:\/\/monnomada.net\/senegal\/wp-json\/wp\/v2\/types\/page"}],"author":[{"embeddable":true,"href":"https:\/\/monnomada.net\/senegal\/wp-json\/wp\/v2\/users\/1"}],"replies":[{"embeddable":true,"href":"https:\/\/monnomada.net\/senegal\/wp-json\/wp\/v2\/comments?post=41"}],"version-history":[{"count":11,"href":"https:\/\/monnomada.net\/senegal\/wp-json\/wp\/v2\/pages\/41\/revisions"}],"predecessor-version":[{"id":272,"href":"https:\/\/monnomada.net\/senegal\/wp-json\/wp\/v2\/pages\/41\/revisions\/272"}],"up":[{"embeddable":true,"href":"https:\/\/monnomada.net\/senegal\/wp-json\/wp\/v2\/pages\/212"}],"wp:attachment":[{"href":"https:\/\/monnomada.net\/senegal\/wp-json\/wp\/v2\/media?parent=41"}],"curies":[{"name":"wp","href":"https:\/\/api.w.org\/{rel}","templated":true}]}}