{"id":34,"date":"2020-02-14T18:08:43","date_gmt":"2020-02-14T18:08:43","guid":{"rendered":"https:\/\/monnomada.net\/senegal\/?page_id=34"},"modified":"2020-04-10T20:54:31","modified_gmt":"2020-04-10T20:54:31","slug":"dakar","status":"publish","type":"page","link":"https:\/\/monnomada.net\/senegal\/1-2\/dakar\/","title":{"rendered":"Dakar"},"content":{"rendered":"<h1 style=\"text-align: center;\">La capital de Senegal, Dakar<\/h1>\n<p><strong>Dakar<\/strong>, ciudad que se extiende por la pen\u00ednsula de <strong>Cabo Verde,<\/strong> la parte m\u00e1s occidental del continente. En medio del calor y del polvo que llena las calles, la gente pasea con vestidos de coloridas telas. Aunque conserva algunas construcciones coloniales francesas, el encanto principal es su ambiente y su cultura, creado todo a partir de una mezcla de pueblos y grupos.<\/p>\n<p><strong>La Medina<\/strong> es un lugar para pasear y observar la vida cotidiana de la gente. No se trata de una medina al estilo \u00e1rabe, simplemente es la ciudad antigua donde destaca la <strong>Gran Mezquita<\/strong>.<\/p>\n<p>En Dakar encontramos dos destacados mercados, el <strong>March\u00e9 Kermel<\/strong> y <strong>March\u00e9 des HLM<\/strong>. En ambos resalta el color y el ruido. El regateo es obligatorio para comprar cualquier cosa, comida, telas, artesan\u00eda,\u2026.<\/p>\n<p>Un monumento\u00a0 que sobresale en la ciudad es la escultura del <strong>Renacimiento Africano<\/strong>. Se cre\u00f3 en el a\u00f1o 2010 y est\u00e1 dedicado a la liberaci\u00f3n de \u00c1frica de los colonizadores europeos y al final de la esclavitud. Fue financiado por Corea del Norte y sus rasgos son m\u00e1s stalinistas que africanos.<\/p>\n<p>No lejos de la capital, encontramos lugares que ning\u00fan viajero debe dejar de visitar, la <a href=\"https:\/\/monnomada.net\/senegal\/imagenes-para-mostrar-sus-atractivos\/goree\/\">isla de Gor\u00e9e<\/a>, un recordatorio al esclavismo, y el <a href=\"https:\/\/monnomada.net\/senegal\/imagenes-para-mostrar-sus-atractivos\/lago-retba\/\">lago Retba<\/a>, tambi\u00e9n llamado lago Rosa.<\/p>\n<p>&nbsp;<\/p>\n<div class=\"su-table su-table-alternate\">\n<table>\n<tbody>\n<tr>\n<td>\n<figure id=\"attachment_82\" aria-describedby=\"caption-attachment-82\" style=\"width: 300px\" class=\"wp-caption aligncenter\"><img loading=\"lazy\" decoding=\"async\" class=\"wp-image-82 size-medium\" src=\"https:\/\/monnomada.net\/senegal\/wp-content\/uploads\/2020\/03\/carrapid_1509-300x200.jpg\" alt=\"Transporte p\u00fablico de Dakar\" width=\"300\" height=\"200\" srcset=\"https:\/\/monnomada.net\/senegal\/wp-content\/uploads\/2020\/03\/carrapid_1509-300x200.jpg 300w, https:\/\/monnomada.net\/senegal\/wp-content\/uploads\/2020\/03\/carrapid_1509-230x153.jpg 230w, https:\/\/monnomada.net\/senegal\/wp-content\/uploads\/2020\/03\/carrapid_1509.jpg 650w\" sizes=\"auto, (max-width: 300px) 100vw, 300px\" \/><figcaption id=\"caption-attachment-82\" class=\"wp-caption-text\">Car-Rapid en Dakar, todo un s\u00edmbolo<\/figcaption><\/figure><\/td>\n<td>\n<figure id=\"attachment_83\" aria-describedby=\"caption-attachment-83\" style=\"width: 225px\" class=\"wp-caption aligncenter\"><img loading=\"lazy\" decoding=\"async\" class=\"wp-image-83 size-medium\" src=\"https:\/\/monnomada.net\/senegal\/wp-content\/uploads\/2020\/03\/dakar-monumento-225x300.jpg\" alt=\"Gran monumento en Dakar\" width=\"225\" height=\"300\" srcset=\"https:\/\/monnomada.net\/senegal\/wp-content\/uploads\/2020\/03\/dakar-monumento-225x300.jpg 225w, https:\/\/monnomada.net\/senegal\/wp-content\/uploads\/2020\/03\/dakar-monumento-230x306.jpg 230w, https:\/\/monnomada.net\/senegal\/wp-content\/uploads\/2020\/03\/dakar-monumento.jpg 488w\" sizes=\"auto, (max-width: 225px) 100vw, 225px\" \/><figcaption id=\"caption-attachment-83\" class=\"wp-caption-text\">Renacimiento Africano<\/figcaption><\/figure><\/td>\n<td>\n<figure id=\"attachment_84\" aria-describedby=\"caption-attachment-84\" style=\"width: 300px\" class=\"wp-caption aligncenter\"><img loading=\"lazy\" decoding=\"async\" class=\"wp-image-84 size-medium\" src=\"https:\/\/monnomada.net\/senegal\/wp-content\/uploads\/2020\/03\/presidencia-300x200.jpg\" alt=\"Palacio de Gobierno en Dakar\" width=\"300\" height=\"200\" srcset=\"https:\/\/monnomada.net\/senegal\/wp-content\/uploads\/2020\/03\/presidencia-300x200.jpg 300w, https:\/\/monnomada.net\/senegal\/wp-content\/uploads\/2020\/03\/presidencia-230x153.jpg 230w, https:\/\/monnomada.net\/senegal\/wp-content\/uploads\/2020\/03\/presidencia.jpg 650w\" sizes=\"auto, (max-width: 300px) 100vw, 300px\" \/><figcaption id=\"caption-attachment-84\" class=\"wp-caption-text\">Palacio presidencial de Senegal en la capital<\/figcaption><\/figure><\/td>\n<\/tr>\n<tr>\n<td>\n<figure id=\"attachment_85\" aria-describedby=\"caption-attachment-85\" style=\"width: 300px\" class=\"wp-caption aligncenter\"><img loading=\"lazy\" decoding=\"async\" class=\"wp-image-85 size-medium\" src=\"https:\/\/monnomada.net\/senegal\/wp-content\/uploads\/2020\/03\/dakar_0995-300x200.jpg\" alt=\"Dakar desde el mar\" width=\"300\" height=\"200\" srcset=\"https:\/\/monnomada.net\/senegal\/wp-content\/uploads\/2020\/03\/dakar_0995-300x200.jpg 300w, https:\/\/monnomada.net\/senegal\/wp-content\/uploads\/2020\/03\/dakar_0995-230x153.jpg 230w, https:\/\/monnomada.net\/senegal\/wp-content\/uploads\/2020\/03\/dakar_0995.jpg 650w\" sizes=\"auto, (max-width: 300px) 100vw, 300px\" \/><figcaption id=\"caption-attachment-85\" class=\"wp-caption-text\">Dakar vista desde la Isla de Gor\u00e9e<\/figcaption><\/figure><\/td>\n<td>\n<figure id=\"attachment_86\" aria-describedby=\"caption-attachment-86\" style=\"width: 300px\" class=\"wp-caption aligncenter\"><img loading=\"lazy\" decoding=\"async\" class=\"wp-image-86 size-medium\" src=\"https:\/\/monnomada.net\/senegal\/wp-content\/uploads\/2020\/03\/dakar2987-300x225.jpg\" alt=\"Barbero en la calle de Dakar\" width=\"300\" height=\"225\" srcset=\"https:\/\/monnomada.net\/senegal\/wp-content\/uploads\/2020\/03\/dakar2987-300x225.jpg 300w, https:\/\/monnomada.net\/senegal\/wp-content\/uploads\/2020\/03\/dakar2987-230x173.jpg 230w, https:\/\/monnomada.net\/senegal\/wp-content\/uploads\/2020\/03\/dakar2987.jpg 650w\" sizes=\"auto, (max-width: 300px) 100vw, 300px\" \/><figcaption id=\"caption-attachment-86\" class=\"wp-caption-text\">Sal\u00f3n de peluquer\u00eda en plena calle de Dakar<\/figcaption><\/figure><\/td>\n<td>\n<figure id=\"attachment_87\" aria-describedby=\"caption-attachment-87\" style=\"width: 300px\" class=\"wp-caption aligncenter\"><img loading=\"lazy\" decoding=\"async\" class=\"wp-image-87 size-medium\" src=\"https:\/\/monnomada.net\/senegal\/wp-content\/uploads\/2020\/03\/dakar2595-300x225.jpg\" alt=\"Mercado en Dakar\" width=\"300\" height=\"225\" srcset=\"https:\/\/monnomada.net\/senegal\/wp-content\/uploads\/2020\/03\/dakar2595-300x225.jpg 300w, https:\/\/monnomada.net\/senegal\/wp-content\/uploads\/2020\/03\/dakar2595-230x173.jpg 230w, https:\/\/monnomada.net\/senegal\/wp-content\/uploads\/2020\/03\/dakar2595.jpg 650w\" sizes=\"auto, (max-width: 300px) 100vw, 300px\" \/><figcaption id=\"caption-attachment-87\" class=\"wp-caption-text\">La gente acude a comprar y vender al mercado.<\/figcaption><\/figure><\/td>\n<\/tr>\n<tr>\n<td>\n<figure id=\"attachment_176\" aria-describedby=\"caption-attachment-176\" style=\"width: 300px\" class=\"wp-caption alignnone\"><img loading=\"lazy\" decoding=\"async\" class=\"size-medium wp-image-176\" src=\"https:\/\/monnomada.net\/senegal\/wp-content\/uploads\/2020\/03\/dakar_1212-300x200.jpg\" alt=\"Dakar en car-rapid\" width=\"300\" height=\"200\" srcset=\"https:\/\/monnomada.net\/senegal\/wp-content\/uploads\/2020\/03\/dakar_1212-300x200.jpg 300w, https:\/\/monnomada.net\/senegal\/wp-content\/uploads\/2020\/03\/dakar_1212-230x153.jpg 230w, https:\/\/monnomada.net\/senegal\/wp-content\/uploads\/2020\/03\/dakar_1212.jpg 650w\" sizes=\"auto, (max-width: 300px) 100vw, 300px\" \/><figcaption id=\"caption-attachment-176\" class=\"wp-caption-text\">Viajando por las calles de Dakar<\/figcaption><\/figure><\/td>\n<td>\n<figure id=\"attachment_177\" aria-describedby=\"caption-attachment-177\" style=\"width: 300px\" class=\"wp-caption alignnone\"><img loading=\"lazy\" decoding=\"async\" class=\"size-medium wp-image-177\" src=\"https:\/\/monnomada.net\/senegal\/wp-content\/uploads\/2020\/03\/dakar_1624-300x200.jpg\" alt=\"La playa de Dakar\" width=\"300\" height=\"200\" srcset=\"https:\/\/monnomada.net\/senegal\/wp-content\/uploads\/2020\/03\/dakar_1624-300x200.jpg 300w, https:\/\/monnomada.net\/senegal\/wp-content\/uploads\/2020\/03\/dakar_1624-230x153.jpg 230w, https:\/\/monnomada.net\/senegal\/wp-content\/uploads\/2020\/03\/dakar_1624.jpg 650w\" sizes=\"auto, (max-width: 300px) 100vw, 300px\" \/><figcaption id=\"caption-attachment-177\" class=\"wp-caption-text\">Playa de N&#8217;gor en Dakar<\/figcaption><\/figure><\/td>\n<td>\n<figure id=\"attachment_178\" aria-describedby=\"caption-attachment-178\" style=\"width: 300px\" class=\"wp-caption alignnone\"><img loading=\"lazy\" decoding=\"async\" class=\"size-medium wp-image-178\" src=\"https:\/\/monnomada.net\/senegal\/wp-content\/uploads\/2020\/03\/dakar_1098-300x200.jpg\" alt=\"Centro de Dakar\" width=\"300\" height=\"200\" srcset=\"https:\/\/monnomada.net\/senegal\/wp-content\/uploads\/2020\/03\/dakar_1098-300x200.jpg 300w, https:\/\/monnomada.net\/senegal\/wp-content\/uploads\/2020\/03\/dakar_1098-230x153.jpg 230w, https:\/\/monnomada.net\/senegal\/wp-content\/uploads\/2020\/03\/dakar_1098.jpg 650w\" sizes=\"auto, (max-width: 300px) 100vw, 300px\" \/><figcaption id=\"caption-attachment-178\" class=\"wp-caption-text\">La C\u00e1mara de Comercio de Dakar<\/figcaption><\/figure><\/td>\n<\/tr>\n<\/tbody>\n<\/table>\n<\/div>\n","protected":false},"excerpt":{"rendered":"<p>La capital de Senegal, Dakar Dakar, ciudad que se extiende por la pen\u00ednsula de Cabo Verde, la parte m\u00e1s occidental del continente. En medio del calor y del polvo que llena las calles, la gente pasea con vestidos de coloridas telas. Aunque conserva algunas construcciones coloniales francesas, el encanto principal es su ambiente y su &#8230;.&nbsp;&nbsp;<a class=\" special\" href=\"https:\/\/monnomada.net\/senegal\/1-2\/dakar\/\">Read More<\/a><\/p>\n","protected":false},"author":1,"featured_media":0,"parent":212,"menu_order":1,"comment_status":"closed","ping_status":"closed","template":"","meta":{"pagelayer_contact_templates":[],"_pagelayer_content":"","footnotes":""},"class_list":["post-34","page","type-page","status-publish","hentry"],"yoast_head":"<!-- This site is optimized with the Yoast SEO plugin v23.0 - https:\/\/yoast.com\/wordpress\/plugins\/seo\/ -->\n<title>Dakar - vibrante capital de Senegal y del \u00c1frica Occidental<\/title>\n<meta name=\"description\" content=\"Dakar capital y punto de entrada a Senegal. Entre el polvo de las calles y el color de las vestimentas, podremos descubrir mercados, playas y monumentos\" \/>\n<meta name=\"robots\" content=\"index, follow, max-snippet:-1, max-image-preview:large, max-video-preview:-1\" \/>\n<link rel=\"canonical\" href=\"https:\/\/monnomada.net\/senegal\/1-2\/dakar\/\" \/>\n<meta property=\"og:locale\" content=\"es_ES\" \/>\n<meta property=\"og:type\" content=\"article\" \/>\n<meta property=\"og:title\" content=\"Dakar - vibrante capital de Senegal y del \u00c1frica Occidental\" \/>\n<meta property=\"og:description\" content=\"Dakar capital y punto de entrada a Senegal. Entre el polvo de las calles y el color de las vestimentas, podremos descubrir mercados, playas y monumentos\" \/>\n<meta property=\"og:url\" content=\"https:\/\/monnomada.net\/senegal\/1-2\/dakar\/\" \/>\n<meta property=\"article:publisher\" content=\"https:\/\/www.facebook.com\/happytravel.viajes\/\" \/>\n<meta property=\"article:modified_time\" content=\"2020-04-10T20:54:31+00:00\" \/>\n<meta property=\"og:image\" content=\"https:\/\/monnomada.net\/senegal\/wp-content\/uploads\/2020\/03\/carrapid_1509-300x200.jpg\" \/>\n<meta name=\"twitter:card\" content=\"summary_large_image\" \/>\n<meta name=\"twitter:site\" content=\"@happytravelon\" \/>\n<meta name=\"twitter:label1\" content=\"Tiempo de lectura\" \/>\n\t<meta name=\"twitter:data1\" content=\"2 minutos\" \/>\n<script type=\"application\/ld+json\" class=\"yoast-schema-graph\">{\"@context\":\"https:\/\/schema.org\",\"@graph\":[{\"@type\":\"WebPage\",\"@id\":\"https:\/\/monnomada.net\/senegal\/1-2\/dakar\/\",\"url\":\"https:\/\/monnomada.net\/senegal\/1-2\/dakar\/\",\"name\":\"Dakar - vibrante capital de Senegal y del \u00c1frica Occidental\",\"isPartOf\":{\"@id\":\"https:\/\/monnomada.net\/senegal\/#website\"},\"primaryImageOfPage\":{\"@id\":\"https:\/\/monnomada.net\/senegal\/1-2\/dakar\/#primaryimage\"},\"image\":{\"@id\":\"https:\/\/monnomada.net\/senegal\/1-2\/dakar\/#primaryimage\"},\"thumbnailUrl\":\"https:\/\/monnomada.net\/senegal\/wp-content\/uploads\/2020\/03\/carrapid_1509-300x200.jpg\",\"datePublished\":\"2020-02-14T18:08:43+00:00\",\"dateModified\":\"2020-04-10T20:54:31+00:00\",\"description\":\"Dakar capital y punto de entrada a Senegal. Entre el polvo de las calles y el color de las vestimentas, podremos descubrir mercados, playas y monumentos\",\"breadcrumb\":{\"@id\":\"https:\/\/monnomada.net\/senegal\/1-2\/dakar\/#breadcrumb\"},\"inLanguage\":\"es\",\"potentialAction\":[{\"@type\":\"ReadAction\",\"target\":[\"https:\/\/monnomada.net\/senegal\/1-2\/dakar\/\"]}]},{\"@type\":\"ImageObject\",\"inLanguage\":\"es\",\"@id\":\"https:\/\/monnomada.net\/senegal\/1-2\/dakar\/#primaryimage\",\"url\":\"https:\/\/monnomada.net\/senegal\/wp-content\/uploads\/2020\/03\/carrapid_1509.jpg\",\"contentUrl\":\"https:\/\/monnomada.net\/senegal\/wp-content\/uploads\/2020\/03\/carrapid_1509.jpg\",\"width\":650,\"height\":433,\"caption\":\"Car-Rapid, bus urbano\"},{\"@type\":\"BreadcrumbList\",\"@id\":\"https:\/\/monnomada.net\/senegal\/1-2\/dakar\/#breadcrumb\",\"itemListElement\":[{\"@type\":\"ListItem\",\"position\":1,\"name\":\"Portada\",\"item\":\"https:\/\/monnomada.net\/senegal\/\"},{\"@type\":\"ListItem\",\"position\":2,\"name\":\"Experiencias viajando por Senegal\",\"item\":\"https:\/\/monnomada.net\/senegal\/1-2\/\"},{\"@type\":\"ListItem\",\"position\":3,\"name\":\"Dakar\"}]},{\"@type\":\"WebSite\",\"@id\":\"https:\/\/monnomada.net\/senegal\/#website\",\"url\":\"https:\/\/monnomada.net\/senegal\/\",\"name\":\"\",\"description\":\"\",\"publisher\":{\"@id\":\"https:\/\/monnomada.net\/senegal\/#organization\"},\"potentialAction\":[{\"@type\":\"SearchAction\",\"target\":{\"@type\":\"EntryPoint\",\"urlTemplate\":\"https:\/\/monnomada.net\/senegal\/?s={search_term_string}\"},\"query-input\":\"required name=search_term_string\"}],\"inLanguage\":\"es\"},{\"@type\":\"Organization\",\"@id\":\"https:\/\/monnomada.net\/senegal\/#organization\",\"name\":\"Happy Travel Online\",\"url\":\"https:\/\/monnomada.net\/senegal\/\",\"logo\":{\"@type\":\"ImageObject\",\"inLanguage\":\"es\",\"@id\":\"https:\/\/monnomada.net\/senegal\/#\/schema\/logo\/image\/\",\"url\":\"https:\/\/monnomada.net\/senegal\/wp-content\/uploads\/2020\/03\/logo550-e1585087289202.png\",\"contentUrl\":\"https:\/\/monnomada.net\/senegal\/wp-content\/uploads\/2020\/03\/logo550-e1585087289202.png\",\"width\":90,\"height\":90,\"caption\":\"Happy Travel Online\"},\"image\":{\"@id\":\"https:\/\/monnomada.net\/senegal\/#\/schema\/logo\/image\/\"},\"sameAs\":[\"https:\/\/www.facebook.com\/happytravel.viajes\/\",\"https:\/\/x.com\/happytravelon\",\"https:\/\/www.instagram.com\/happytravel.viajes\/\",\"https:\/\/www.youtube.com\/channel\/UCJMoPBeMh6hFMTE4Zzg3sJg\"]}]}<\/script>\n<!-- \/ Yoast SEO plugin. -->","yoast_head_json":{"title":"Dakar - vibrante capital de Senegal y del \u00c1frica Occidental","description":"Dakar capital y punto de entrada a Senegal. Entre el polvo de las calles y el color de las vestimentas, podremos descubrir mercados, playas y monumentos","robots":{"index":"index","follow":"follow","max-snippet":"max-snippet:-1","max-image-preview":"max-image-preview:large","max-video-preview":"max-video-preview:-1"},"canonical":"https:\/\/monnomada.net\/senegal\/1-2\/dakar\/","og_locale":"es_ES","og_type":"article","og_title":"Dakar - vibrante capital de Senegal y del \u00c1frica Occidental","og_description":"Dakar capital y punto de entrada a Senegal. Entre el polvo de las calles y el color de las vestimentas, podremos descubrir mercados, playas y monumentos","og_url":"https:\/\/monnomada.net\/senegal\/1-2\/dakar\/","article_publisher":"https:\/\/www.facebook.com\/happytravel.viajes\/","article_modified_time":"2020-04-10T20:54:31+00:00","og_image":[{"url":"https:\/\/monnomada.net\/senegal\/wp-content\/uploads\/2020\/03\/carrapid_1509-300x200.jpg"}],"twitter_card":"summary_large_image","twitter_site":"@happytravelon","twitter_misc":{"Tiempo de lectura":"2 minutos"},"schema":{"@context":"https:\/\/schema.org","@graph":[{"@type":"WebPage","@id":"https:\/\/monnomada.net\/senegal\/1-2\/dakar\/","url":"https:\/\/monnomada.net\/senegal\/1-2\/dakar\/","name":"Dakar - vibrante capital de Senegal y del \u00c1frica Occidental","isPartOf":{"@id":"https:\/\/monnomada.net\/senegal\/#website"},"primaryImageOfPage":{"@id":"https:\/\/monnomada.net\/senegal\/1-2\/dakar\/#primaryimage"},"image":{"@id":"https:\/\/monnomada.net\/senegal\/1-2\/dakar\/#primaryimage"},"thumbnailUrl":"https:\/\/monnomada.net\/senegal\/wp-content\/uploads\/2020\/03\/carrapid_1509-300x200.jpg","datePublished":"2020-02-14T18:08:43+00:00","dateModified":"2020-04-10T20:54:31+00:00","description":"Dakar capital y punto de entrada a Senegal. Entre el polvo de las calles y el color de las vestimentas, podremos descubrir mercados, playas y monumentos","breadcrumb":{"@id":"https:\/\/monnomada.net\/senegal\/1-2\/dakar\/#breadcrumb"},"inLanguage":"es","potentialAction":[{"@type":"ReadAction","target":["https:\/\/monnomada.net\/senegal\/1-2\/dakar\/"]}]},{"@type":"ImageObject","inLanguage":"es","@id":"https:\/\/monnomada.net\/senegal\/1-2\/dakar\/#primaryimage","url":"https:\/\/monnomada.net\/senegal\/wp-content\/uploads\/2020\/03\/carrapid_1509.jpg","contentUrl":"https:\/\/monnomada.net\/senegal\/wp-content\/uploads\/2020\/03\/carrapid_1509.jpg","width":650,"height":433,"caption":"Car-Rapid, bus urbano"},{"@type":"BreadcrumbList","@id":"https:\/\/monnomada.net\/senegal\/1-2\/dakar\/#breadcrumb","itemListElement":[{"@type":"ListItem","position":1,"name":"Portada","item":"https:\/\/monnomada.net\/senegal\/"},{"@type":"ListItem","position":2,"name":"Experiencias viajando por Senegal","item":"https:\/\/monnomada.net\/senegal\/1-2\/"},{"@type":"ListItem","position":3,"name":"Dakar"}]},{"@type":"WebSite","@id":"https:\/\/monnomada.net\/senegal\/#website","url":"https:\/\/monnomada.net\/senegal\/","name":"","description":"","publisher":{"@id":"https:\/\/monnomada.net\/senegal\/#organization"},"potentialAction":[{"@type":"SearchAction","target":{"@type":"EntryPoint","urlTemplate":"https:\/\/monnomada.net\/senegal\/?s={search_term_string}"},"query-input":"required name=search_term_string"}],"inLanguage":"es"},{"@type":"Organization","@id":"https:\/\/monnomada.net\/senegal\/#organization","name":"Happy Travel Online","url":"https:\/\/monnomada.net\/senegal\/","logo":{"@type":"ImageObject","inLanguage":"es","@id":"https:\/\/monnomada.net\/senegal\/#\/schema\/logo\/image\/","url":"https:\/\/monnomada.net\/senegal\/wp-content\/uploads\/2020\/03\/logo550-e1585087289202.png","contentUrl":"https:\/\/monnomada.net\/senegal\/wp-content\/uploads\/2020\/03\/logo550-e1585087289202.png","width":90,"height":90,"caption":"Happy Travel Online"},"image":{"@id":"https:\/\/monnomada.net\/senegal\/#\/schema\/logo\/image\/"},"sameAs":["https:\/\/www.facebook.com\/happytravel.viajes\/","https:\/\/x.com\/happytravelon","https:\/\/www.instagram.com\/happytravel.viajes\/","https:\/\/www.youtube.com\/channel\/UCJMoPBeMh6hFMTE4Zzg3sJg"]}]}},"_links":{"self":[{"href":"https:\/\/monnomada.net\/senegal\/wp-json\/wp\/v2\/pages\/34","targetHints":{"allow":["GET"]}}],"collection":[{"href":"https:\/\/monnomada.net\/senegal\/wp-json\/wp\/v2\/pages"}],"about":[{"href":"https:\/\/monnomada.net\/senegal\/wp-json\/wp\/v2\/types\/page"}],"author":[{"embeddable":true,"href":"https:\/\/monnomada.net\/senegal\/wp-json\/wp\/v2\/users\/1"}],"replies":[{"embeddable":true,"href":"https:\/\/monnomada.net\/senegal\/wp-json\/wp\/v2\/comments?post=34"}],"version-history":[{"count":10,"href":"https:\/\/monnomada.net\/senegal\/wp-json\/wp\/v2\/pages\/34\/revisions"}],"predecessor-version":[{"id":273,"href":"https:\/\/monnomada.net\/senegal\/wp-json\/wp\/v2\/pages\/34\/revisions\/273"}],"up":[{"embeddable":true,"href":"https:\/\/monnomada.net\/senegal\/wp-json\/wp\/v2\/pages\/212"}],"wp:attachment":[{"href":"https:\/\/monnomada.net\/senegal\/wp-json\/wp\/v2\/media?parent=34"}],"curies":[{"name":"wp","href":"https:\/\/api.w.org\/{rel}","templated":true}]}}