{"id":117,"date":"2020-03-16T16:17:18","date_gmt":"2020-03-16T16:17:18","guid":{"rendered":"https:\/\/monnomada.net\/senegal\/?page_id=117"},"modified":"2020-04-13T14:58:33","modified_gmt":"2020-04-13T14:58:33","slug":"pais-bassari","status":"publish","type":"page","link":"https:\/\/monnomada.net\/senegal\/1-2\/pais-bassari\/","title":{"rendered":"Pais Bassari"},"content":{"rendered":"<h1>Pa\u00eds Bassari<\/h1>\n<p>Situado en el extremo sudeste del pa\u00eds, junto a la frontera con Guinea. Su nombre hace referencia a los bassari, una etnia que en su momento ocupaba una extensa zona, pero\u00a0 fueron\u00a0 empujados por otras etnias y su espacio qued\u00f3 reducido y aislado en las monta\u00f1as.\u00a0 Viajando por el Pa\u00eds Bassari, Tambacunda que pasa por ser la ciudad m\u00e1s calurosa de Senegal es el punto de partida.\u00a0 Atravesando el <a href=\"https:\/\/monnomada.net\/senegal\/1-2\/parque-nacional-niokolo-koba\/\">Parque Nacional Niokolo-Koba<\/a> y sorteando el r\u00edo Gambia, se llega a Kedougou, la ciudad de referencia.<\/p>\n<p>La poblaci\u00f3n vive de la agricultura en aldeas con caba\u00f1as circulares unifamiliares. El territorio es algo remoto, tal vez por ello, se ha conservado bastante virgen de influencias exteriores y es donde se pueden apreciar mejor las culturas nativas africanas. En el Pa\u00eds Bassari, el viajero podr\u00e1 contemplar aldeas y costumbres pintorescas, especialmente en celebraciones y fiestas, vistosas ceremonias animistas con la gente vestida de ropa tradicional.<\/p>\n<div class=\"su-table su-table-alternate\">\n<table>\n<tbody>\n<tr>\n<td>\n<figure id=\"attachment_118\" aria-describedby=\"caption-attachment-118\" style=\"width: 300px\" class=\"wp-caption aligncenter\"><img loading=\"lazy\" decoding=\"async\" class=\"size-medium wp-image-118\" src=\"https:\/\/monnomada.net\/senegal\/wp-content\/uploads\/2020\/03\/BASARI1-300x225.jpg\" alt=\"Pais Bassari\" width=\"300\" height=\"225\" srcset=\"https:\/\/monnomada.net\/senegal\/wp-content\/uploads\/2020\/03\/BASARI1-300x225.jpg 300w, https:\/\/monnomada.net\/senegal\/wp-content\/uploads\/2020\/03\/BASARI1-230x173.jpg 230w, https:\/\/monnomada.net\/senegal\/wp-content\/uploads\/2020\/03\/BASARI1.jpg 650w\" sizes=\"auto, (max-width: 300px) 100vw, 300px\" \/><figcaption id=\"caption-attachment-118\" class=\"wp-caption-text\">Un lugar para la aventura<\/figcaption><\/figure><\/td>\n<td>\n<figure id=\"attachment_283\" aria-describedby=\"caption-attachment-283\" style=\"width: 300px\" class=\"wp-caption alignnone\"><img loading=\"lazy\" decoding=\"async\" class=\"wp-image-283 size-medium\" src=\"https:\/\/monnomada.net\/senegal\/wp-content\/uploads\/2020\/04\/iwol-cerveza-300x225.jpg\" alt=\"Fabricando cerveza\" width=\"300\" height=\"225\" srcset=\"https:\/\/monnomada.net\/senegal\/wp-content\/uploads\/2020\/04\/iwol-cerveza-300x225.jpg 300w, https:\/\/monnomada.net\/senegal\/wp-content\/uploads\/2020\/04\/iwol-cerveza-230x172.jpg 230w, https:\/\/monnomada.net\/senegal\/wp-content\/uploads\/2020\/04\/iwol-cerveza.jpg 650w\" sizes=\"auto, (max-width: 300px) 100vw, 300px\" \/><figcaption id=\"caption-attachment-283\" class=\"wp-caption-text\">Iwol-Haciendo cerveza<\/figcaption><\/figure><\/td>\n<td>\n<figure id=\"attachment_120\" aria-describedby=\"caption-attachment-120\" style=\"width: 300px\" class=\"wp-caption aligncenter\"><img loading=\"lazy\" decoding=\"async\" class=\"wp-image-120 size-medium\" src=\"https:\/\/monnomada.net\/senegal\/wp-content\/uploads\/2020\/03\/BASSARI4-1-300x225.jpg\" alt=\"Paisaje en el Pa\u00eds Bassari\" width=\"300\" height=\"225\" srcset=\"https:\/\/monnomada.net\/senegal\/wp-content\/uploads\/2020\/03\/BASSARI4-1-300x225.jpg 300w, https:\/\/monnomada.net\/senegal\/wp-content\/uploads\/2020\/03\/BASSARI4-1-230x173.jpg 230w, https:\/\/monnomada.net\/senegal\/wp-content\/uploads\/2020\/03\/BASSARI4-1.jpg 650w\" sizes=\"auto, (max-width: 300px) 100vw, 300px\" \/><figcaption id=\"caption-attachment-120\" class=\"wp-caption-text\">Paisajes del Pais Bassari<\/figcaption><\/figure><\/td>\n<\/tr>\n<tr>\n<td>\n<figure id=\"attachment_121\" aria-describedby=\"caption-attachment-121\" style=\"width: 225px\" class=\"wp-caption aligncenter\"><img loading=\"lazy\" decoding=\"async\" class=\"size-medium wp-image-121\" src=\"https:\/\/monnomada.net\/senegal\/wp-content\/uploads\/2020\/03\/BASSARI7-225x300.jpg\" alt=\"Mujeres Bassari\" width=\"225\" height=\"300\" srcset=\"https:\/\/monnomada.net\/senegal\/wp-content\/uploads\/2020\/03\/BASSARI7-225x300.jpg 225w, https:\/\/monnomada.net\/senegal\/wp-content\/uploads\/2020\/03\/BASSARI7-230x306.jpg 230w, https:\/\/monnomada.net\/senegal\/wp-content\/uploads\/2020\/03\/BASSARI7.jpg 488w\" sizes=\"auto, (max-width: 225px) 100vw, 225px\" \/><figcaption id=\"caption-attachment-121\" class=\"wp-caption-text\">Mujeres Bassari<\/figcaption><\/figure><\/td>\n<td>\n<figure id=\"attachment_122\" aria-describedby=\"caption-attachment-122\" style=\"width: 300px\" class=\"wp-caption aligncenter\"><img loading=\"lazy\" decoding=\"async\" class=\"size-medium wp-image-122\" src=\"https:\/\/monnomada.net\/senegal\/wp-content\/uploads\/2020\/03\/BASSARI2-300x300.jpg\" alt=\"Mujer bassari\" width=\"300\" height=\"300\" srcset=\"https:\/\/monnomada.net\/senegal\/wp-content\/uploads\/2020\/03\/BASSARI2-300x300.jpg 300w, https:\/\/monnomada.net\/senegal\/wp-content\/uploads\/2020\/03\/BASSARI2-150x150.jpg 150w, https:\/\/monnomada.net\/senegal\/wp-content\/uploads\/2020\/03\/BASSARI2-230x230.jpg 230w, https:\/\/monnomada.net\/senegal\/wp-content\/uploads\/2020\/03\/BASSARI2.jpg 600w\" sizes=\"auto, (max-width: 300px) 100vw, 300px\" \/><figcaption id=\"caption-attachment-122\" class=\"wp-caption-text\">Joven bassari<\/figcaption><\/figure><\/td>\n<td>\n<figure id=\"attachment_123\" aria-describedby=\"caption-attachment-123\" style=\"width: 168px\" class=\"wp-caption aligncenter\"><img loading=\"lazy\" decoding=\"async\" class=\"size-medium wp-image-123\" src=\"https:\/\/monnomada.net\/senegal\/wp-content\/uploads\/2020\/03\/BASSARI5-168x300.jpg\" alt=\"Mujer\" width=\"168\" height=\"300\" srcset=\"https:\/\/monnomada.net\/senegal\/wp-content\/uploads\/2020\/03\/BASSARI5-168x300.jpg 168w, https:\/\/monnomada.net\/senegal\/wp-content\/uploads\/2020\/03\/BASSARI5-230x410.jpg 230w, https:\/\/monnomada.net\/senegal\/wp-content\/uploads\/2020\/03\/BASSARI5.jpg 365w\" sizes=\"auto, (max-width: 168px) 100vw, 168px\" \/><figcaption id=\"caption-attachment-123\" class=\"wp-caption-text\">Mujer bassari<\/figcaption><\/figure><\/td>\n<\/tr>\n<tr>\n<td>\n<figure id=\"attachment_161\" aria-describedby=\"caption-attachment-161\" style=\"width: 225px\" class=\"wp-caption aligncenter\"><img loading=\"lazy\" decoding=\"async\" class=\"wp-image-161 size-medium\" src=\"https:\/\/monnomada.net\/senegal\/wp-content\/uploads\/2020\/03\/sogui-225x300.jpg\" alt=\"Nuestro guia explorando el Pa\u00eds Bassari\" width=\"225\" height=\"300\" srcset=\"https:\/\/monnomada.net\/senegal\/wp-content\/uploads\/2020\/03\/sogui-225x300.jpg 225w, https:\/\/monnomada.net\/senegal\/wp-content\/uploads\/2020\/03\/sogui-230x306.jpg 230w, https:\/\/monnomada.net\/senegal\/wp-content\/uploads\/2020\/03\/sogui.jpg 488w\" sizes=\"auto, (max-width: 225px) 100vw, 225px\" \/><figcaption id=\"caption-attachment-161\" class=\"wp-caption-text\">Sogui<\/figcaption><\/figure><\/td>\n<td>\n<figure id=\"attachment_162\" aria-describedby=\"caption-attachment-162\" style=\"width: 225px\" class=\"wp-caption aligncenter\"><img loading=\"lazy\" decoding=\"async\" class=\"size-medium wp-image-162\" src=\"https:\/\/monnomada.net\/senegal\/wp-content\/uploads\/2020\/03\/DIDEFELO-225x300.jpg\" alt=\"Cascada\" width=\"225\" height=\"300\" srcset=\"https:\/\/monnomada.net\/senegal\/wp-content\/uploads\/2020\/03\/DIDEFELO-225x300.jpg 225w, https:\/\/monnomada.net\/senegal\/wp-content\/uploads\/2020\/03\/DIDEFELO-230x307.jpg 230w, https:\/\/monnomada.net\/senegal\/wp-content\/uploads\/2020\/03\/DIDEFELO.jpg 650w\" sizes=\"auto, (max-width: 225px) 100vw, 225px\" \/><figcaption id=\"caption-attachment-162\" class=\"wp-caption-text\">Cascada de Dind\u00e9felo<\/figcaption><\/figure><\/td>\n<td>\n<figure id=\"attachment_163\" aria-describedby=\"caption-attachment-163\" style=\"width: 225px\" class=\"wp-caption aligncenter\"><img loading=\"lazy\" decoding=\"async\" class=\"wp-image-163 size-medium\" src=\"https:\/\/monnomada.net\/senegal\/wp-content\/uploads\/2020\/03\/bassari-225x300.jpg\" alt=\"Aldea del Pa\u00eds Bassari\" width=\"225\" height=\"300\" srcset=\"https:\/\/monnomada.net\/senegal\/wp-content\/uploads\/2020\/03\/bassari-225x300.jpg 225w, https:\/\/monnomada.net\/senegal\/wp-content\/uploads\/2020\/03\/bassari-230x306.jpg 230w, https:\/\/monnomada.net\/senegal\/wp-content\/uploads\/2020\/03\/bassari.jpg 488w\" sizes=\"auto, (max-width: 225px) 100vw, 225px\" \/><figcaption id=\"caption-attachment-163\" class=\"wp-caption-text\">Entrada a un poblado<\/figcaption><\/figure><\/td>\n<\/tr>\n<tr>\n<td>\n<figure id=\"attachment_199\" aria-describedby=\"caption-attachment-199\" style=\"width: 169px\" class=\"wp-caption aligncenter\"><img loading=\"lazy\" decoding=\"async\" class=\"size-medium wp-image-199\" src=\"https:\/\/monnomada.net\/senegal\/wp-content\/uploads\/2020\/03\/pb3300064-169x300.jpg\" alt=\"Mujer\" width=\"169\" height=\"300\" srcset=\"https:\/\/monnomada.net\/senegal\/wp-content\/uploads\/2020\/03\/pb3300064-169x300.jpg 169w, https:\/\/monnomada.net\/senegal\/wp-content\/uploads\/2020\/03\/pb3300064-230x409.jpg 230w, https:\/\/monnomada.net\/senegal\/wp-content\/uploads\/2020\/03\/pb3300064.jpg 337w\" sizes=\"auto, (max-width: 169px) 100vw, 169px\" \/><figcaption id=\"caption-attachment-199\" class=\"wp-caption-text\">Joven en el Pa\u00eds Bassari<\/figcaption><\/figure><\/td>\n<td>\n<figure id=\"attachment_200\" aria-describedby=\"caption-attachment-200\" style=\"width: 300px\" class=\"wp-caption aligncenter\"><img loading=\"lazy\" decoding=\"async\" class=\"size-medium wp-image-200\" src=\"https:\/\/monnomada.net\/senegal\/wp-content\/uploads\/2020\/03\/IMG-20180507-WA0000-300x300.jpg\" alt=\"Fiestas bassaris\" width=\"300\" height=\"300\" srcset=\"https:\/\/monnomada.net\/senegal\/wp-content\/uploads\/2020\/03\/IMG-20180507-WA0000-300x300.jpg 300w, https:\/\/monnomada.net\/senegal\/wp-content\/uploads\/2020\/03\/IMG-20180507-WA0000-150x150.jpg 150w, https:\/\/monnomada.net\/senegal\/wp-content\/uploads\/2020\/03\/IMG-20180507-WA0000-230x230.jpg 230w, https:\/\/monnomada.net\/senegal\/wp-content\/uploads\/2020\/03\/IMG-20180507-WA0000.jpg 540w\" sizes=\"auto, (max-width: 300px) 100vw, 300px\" \/><figcaption id=\"caption-attachment-200\" class=\"wp-caption-text\">De fiesta en el Pa\u00eds Bassari<\/figcaption><\/figure><\/td>\n<td>\n<figure id=\"attachment_201\" aria-describedby=\"caption-attachment-201\" style=\"width: 169px\" class=\"wp-caption aligncenter\"><img loading=\"lazy\" decoding=\"async\" class=\"size-medium wp-image-201\" src=\"https:\/\/monnomada.net\/senegal\/wp-content\/uploads\/2020\/03\/pb0330-WA0012-169x300.jpg\" alt=\"Sogui y mujer\" width=\"169\" height=\"300\" srcset=\"https:\/\/monnomada.net\/senegal\/wp-content\/uploads\/2020\/03\/pb0330-WA0012-169x300.jpg 169w, https:\/\/monnomada.net\/senegal\/wp-content\/uploads\/2020\/03\/pb0330-WA0012-230x409.jpg 230w, https:\/\/monnomada.net\/senegal\/wp-content\/uploads\/2020\/03\/pb0330-WA0012.jpg 337w\" sizes=\"auto, (max-width: 169px) 100vw, 169px\" \/><figcaption id=\"caption-attachment-201\" class=\"wp-caption-text\">Sogui nos presenta<\/figcaption><\/figure><\/td>\n<\/tr>\n<tr>\n<td>\n<figure id=\"attachment_202\" aria-describedby=\"caption-attachment-202\" style=\"width: 300px\" class=\"wp-caption aligncenter\"><img loading=\"lazy\" decoding=\"async\" class=\"size-medium wp-image-202\" src=\"https:\/\/monnomada.net\/senegal\/wp-content\/uploads\/2020\/03\/pb0330-WA0044-300x169.jpg\" alt=\"Viajeros en el Pa\u00eds Bassari\" width=\"300\" height=\"169\" srcset=\"https:\/\/monnomada.net\/senegal\/wp-content\/uploads\/2020\/03\/pb0330-WA0044-300x169.jpg 300w, https:\/\/monnomada.net\/senegal\/wp-content\/uploads\/2020\/03\/pb0330-WA0044-230x129.jpg 230w, https:\/\/monnomada.net\/senegal\/wp-content\/uploads\/2020\/03\/pb0330-WA0044.jpg 600w\" sizes=\"auto, (max-width: 300px) 100vw, 300px\" \/><figcaption id=\"caption-attachment-202\" class=\"wp-caption-text\">Turismo<\/figcaption><\/figure><\/td>\n<td>\n<figure id=\"attachment_203\" aria-describedby=\"caption-attachment-203\" style=\"width: 300px\" class=\"wp-caption aligncenter\"><img loading=\"lazy\" decoding=\"async\" class=\"size-medium wp-image-203\" src=\"https:\/\/monnomada.net\/senegal\/wp-content\/uploads\/2020\/03\/pb0330-WA0071-300x169.jpg\" alt=\"Choza\" width=\"300\" height=\"169\" srcset=\"https:\/\/monnomada.net\/senegal\/wp-content\/uploads\/2020\/03\/pb0330-WA0071-300x169.jpg 300w, https:\/\/monnomada.net\/senegal\/wp-content\/uploads\/2020\/03\/pb0330-WA0071-230x129.jpg 230w, https:\/\/monnomada.net\/senegal\/wp-content\/uploads\/2020\/03\/pb0330-WA0071.jpg 600w\" sizes=\"auto, (max-width: 300px) 100vw, 300px\" \/><figcaption id=\"caption-attachment-203\" class=\"wp-caption-text\">Vivienda en el Pa\u00eds Bassari<\/figcaption><\/figure><\/td>\n<td>\n<figure id=\"attachment_204\" aria-describedby=\"caption-attachment-204\" style=\"width: 300px\" class=\"wp-caption aligncenter\"><img loading=\"lazy\" decoding=\"async\" class=\"size-medium wp-image-204\" src=\"https:\/\/monnomada.net\/senegal\/wp-content\/uploads\/2020\/03\/pb330-WA0070-300x169.jpg\" alt=\"Sogui en la cascada\" width=\"300\" height=\"169\" srcset=\"https:\/\/monnomada.net\/senegal\/wp-content\/uploads\/2020\/03\/pb330-WA0070-300x169.jpg 300w, https:\/\/monnomada.net\/senegal\/wp-content\/uploads\/2020\/03\/pb330-WA0070-230x129.jpg 230w, https:\/\/monnomada.net\/senegal\/wp-content\/uploads\/2020\/03\/pb330-WA0070.jpg 600w\" sizes=\"auto, (max-width: 300px) 100vw, 300px\" \/><figcaption id=\"caption-attachment-204\" class=\"wp-caption-text\">Bajo la Cascada<\/figcaption><\/figure><\/td>\n<\/tr>\n<\/tbody>\n<\/table>\n<\/div>\n<h2>Lugares de inter\u00e9s viajando por el Pa\u00eds Bassari:<\/h2>\n<p><strong>Cascada de Dindefelo<\/strong>.\u00a0 Uno de los lugares de visita obligat\u00f2ria. Situada junto a la frontera con Guinea, se accede por una turmentosa carretera desde Bandafassi. Se trata de un salto de agua de unos 100 metros en una pared de placas de roca bas\u00e0ltica, y en el pie, se crea una piscina natural con agua de color verdoso, ideal para tomar un ba\u00f1o. En la partes superior, un camino nos dirije a una cima donde si divisa un extraordinario paisaje, plagado de nidos de termitas.<\/p>\n<p><strong>Aldeas Bedik<\/strong>. Las encontramos en lo alto de una colina, un pueblo sencillo y hospitalario. De las pocas que quedan, Iwol es una de las m\u00e1s accessibles, entrar ah\u00ed es como sumergirse en un cuento fant\u00e1stico.<\/p>\n","protected":false},"excerpt":{"rendered":"<p>Pa\u00eds Bassari Situado en el extremo sudeste del pa\u00eds, junto a la frontera con Guinea. Su nombre hace referencia a los bassari, una etnia que en su momento ocupaba una extensa zona, pero\u00a0 fueron\u00a0 empujados por otras etnias y su espacio qued\u00f3 reducido y aislado en las monta\u00f1as.\u00a0 Viajando por el Pa\u00eds Bassari, Tambacunda que &#8230;.&nbsp;&nbsp;<a class=\" special\" href=\"https:\/\/monnomada.net\/senegal\/1-2\/pais-bassari\/\">Read More<\/a><\/p>\n","protected":false},"author":1,"featured_media":0,"parent":212,"menu_order":0,"comment_status":"closed","ping_status":"closed","template":"","meta":{"pagelayer_contact_templates":[],"_pagelayer_content":"","footnotes":""},"class_list":["post-117","page","type-page","status-publish","hentry"],"yoast_head":"<!-- This site is optimized with the Yoast SEO plugin v23.0 - https:\/\/yoast.com\/wordpress\/plugins\/seo\/ -->\n<title>Pais Bassari - viajando por un lugar de tradiciones ancestrales<\/title>\n<meta name=\"description\" content=\"Viajando por el Pa\u00eds Bassari en el Sureste de Senegal encontramos un territorio virgen con tradiciones ancestrales, los bedik y los bassari nos acogen\" \/>\n<meta name=\"robots\" content=\"index, follow, max-snippet:-1, max-image-preview:large, max-video-preview:-1\" \/>\n<link rel=\"canonical\" href=\"https:\/\/monnomada.net\/senegal\/1-2\/pais-bassari\/\" \/>\n<meta property=\"og:locale\" content=\"es_ES\" \/>\n<meta property=\"og:type\" content=\"article\" \/>\n<meta property=\"og:title\" content=\"Pais Bassari - viajando por un lugar de tradiciones ancestrales\" \/>\n<meta property=\"og:description\" content=\"Viajando por el Pa\u00eds Bassari en el Sureste de Senegal encontramos un territorio virgen con tradiciones ancestrales, los bedik y los bassari nos acogen\" \/>\n<meta property=\"og:url\" content=\"https:\/\/monnomada.net\/senegal\/1-2\/pais-bassari\/\" \/>\n<meta property=\"article:publisher\" content=\"https:\/\/www.facebook.com\/happytravel.viajes\/\" \/>\n<meta property=\"article:modified_time\" content=\"2020-04-13T14:58:33+00:00\" \/>\n<meta property=\"og:image\" content=\"https:\/\/monnomada.net\/senegal\/wp-content\/uploads\/2020\/03\/BASARI1-300x225.jpg\" \/>\n<meta name=\"twitter:card\" content=\"summary_large_image\" \/>\n<meta name=\"twitter:site\" content=\"@happytravelon\" \/>\n<meta name=\"twitter:label1\" content=\"Tiempo de lectura\" \/>\n\t<meta name=\"twitter:data1\" content=\"2 minutos\" \/>\n<script type=\"application\/ld+json\" class=\"yoast-schema-graph\">{\"@context\":\"https:\/\/schema.org\",\"@graph\":[{\"@type\":\"WebPage\",\"@id\":\"https:\/\/monnomada.net\/senegal\/1-2\/pais-bassari\/\",\"url\":\"https:\/\/monnomada.net\/senegal\/1-2\/pais-bassari\/\",\"name\":\"Pais Bassari - viajando por un lugar de tradiciones ancestrales\",\"isPartOf\":{\"@id\":\"https:\/\/monnomada.net\/senegal\/#website\"},\"primaryImageOfPage\":{\"@id\":\"https:\/\/monnomada.net\/senegal\/1-2\/pais-bassari\/#primaryimage\"},\"image\":{\"@id\":\"https:\/\/monnomada.net\/senegal\/1-2\/pais-bassari\/#primaryimage\"},\"thumbnailUrl\":\"https:\/\/monnomada.net\/senegal\/wp-content\/uploads\/2020\/03\/BASARI1-300x225.jpg\",\"datePublished\":\"2020-03-16T16:17:18+00:00\",\"dateModified\":\"2020-04-13T14:58:33+00:00\",\"description\":\"Viajando por el Pa\u00eds Bassari en el Sureste de Senegal encontramos un territorio virgen con tradiciones ancestrales, los bedik y los bassari nos acogen\",\"breadcrumb\":{\"@id\":\"https:\/\/monnomada.net\/senegal\/1-2\/pais-bassari\/#breadcrumb\"},\"inLanguage\":\"es\",\"potentialAction\":[{\"@type\":\"ReadAction\",\"target\":[\"https:\/\/monnomada.net\/senegal\/1-2\/pais-bassari\/\"]}]},{\"@type\":\"ImageObject\",\"inLanguage\":\"es\",\"@id\":\"https:\/\/monnomada.net\/senegal\/1-2\/pais-bassari\/#primaryimage\",\"url\":\"https:\/\/monnomada.net\/senegal\/wp-content\/uploads\/2020\/03\/BASARI1.jpg\",\"contentUrl\":\"https:\/\/monnomada.net\/senegal\/wp-content\/uploads\/2020\/03\/BASARI1.jpg\",\"width\":650,\"height\":488,\"caption\":\"Un lugar para la aventura\"},{\"@type\":\"BreadcrumbList\",\"@id\":\"https:\/\/monnomada.net\/senegal\/1-2\/pais-bassari\/#breadcrumb\",\"itemListElement\":[{\"@type\":\"ListItem\",\"position\":1,\"name\":\"Portada\",\"item\":\"https:\/\/monnomada.net\/senegal\/\"},{\"@type\":\"ListItem\",\"position\":2,\"name\":\"Experiencias viajando por Senegal\",\"item\":\"https:\/\/monnomada.net\/senegal\/1-2\/\"},{\"@type\":\"ListItem\",\"position\":3,\"name\":\"Pais Bassari\"}]},{\"@type\":\"WebSite\",\"@id\":\"https:\/\/monnomada.net\/senegal\/#website\",\"url\":\"https:\/\/monnomada.net\/senegal\/\",\"name\":\"\",\"description\":\"\",\"publisher\":{\"@id\":\"https:\/\/monnomada.net\/senegal\/#organization\"},\"potentialAction\":[{\"@type\":\"SearchAction\",\"target\":{\"@type\":\"EntryPoint\",\"urlTemplate\":\"https:\/\/monnomada.net\/senegal\/?s={search_term_string}\"},\"query-input\":\"required name=search_term_string\"}],\"inLanguage\":\"es\"},{\"@type\":\"Organization\",\"@id\":\"https:\/\/monnomada.net\/senegal\/#organization\",\"name\":\"Happy Travel Online\",\"url\":\"https:\/\/monnomada.net\/senegal\/\",\"logo\":{\"@type\":\"ImageObject\",\"inLanguage\":\"es\",\"@id\":\"https:\/\/monnomada.net\/senegal\/#\/schema\/logo\/image\/\",\"url\":\"https:\/\/monnomada.net\/senegal\/wp-content\/uploads\/2020\/03\/logo550-e1585087289202.png\",\"contentUrl\":\"https:\/\/monnomada.net\/senegal\/wp-content\/uploads\/2020\/03\/logo550-e1585087289202.png\",\"width\":90,\"height\":90,\"caption\":\"Happy Travel Online\"},\"image\":{\"@id\":\"https:\/\/monnomada.net\/senegal\/#\/schema\/logo\/image\/\"},\"sameAs\":[\"https:\/\/www.facebook.com\/happytravel.viajes\/\",\"https:\/\/x.com\/happytravelon\",\"https:\/\/www.instagram.com\/happytravel.viajes\/\",\"https:\/\/www.youtube.com\/channel\/UCJMoPBeMh6hFMTE4Zzg3sJg\"]}]}<\/script>\n<!-- \/ Yoast SEO plugin. -->","yoast_head_json":{"title":"Pais Bassari - viajando por un lugar de tradiciones ancestrales","description":"Viajando por el Pa\u00eds Bassari en el Sureste de Senegal encontramos un territorio virgen con tradiciones ancestrales, los bedik y los bassari nos acogen","robots":{"index":"index","follow":"follow","max-snippet":"max-snippet:-1","max-image-preview":"max-image-preview:large","max-video-preview":"max-video-preview:-1"},"canonical":"https:\/\/monnomada.net\/senegal\/1-2\/pais-bassari\/","og_locale":"es_ES","og_type":"article","og_title":"Pais Bassari - viajando por un lugar de tradiciones ancestrales","og_description":"Viajando por el Pa\u00eds Bassari en el Sureste de Senegal encontramos un territorio virgen con tradiciones ancestrales, los bedik y los bassari nos acogen","og_url":"https:\/\/monnomada.net\/senegal\/1-2\/pais-bassari\/","article_publisher":"https:\/\/www.facebook.com\/happytravel.viajes\/","article_modified_time":"2020-04-13T14:58:33+00:00","og_image":[{"url":"https:\/\/monnomada.net\/senegal\/wp-content\/uploads\/2020\/03\/BASARI1-300x225.jpg"}],"twitter_card":"summary_large_image","twitter_site":"@happytravelon","twitter_misc":{"Tiempo de lectura":"2 minutos"},"schema":{"@context":"https:\/\/schema.org","@graph":[{"@type":"WebPage","@id":"https:\/\/monnomada.net\/senegal\/1-2\/pais-bassari\/","url":"https:\/\/monnomada.net\/senegal\/1-2\/pais-bassari\/","name":"Pais Bassari - viajando por un lugar de tradiciones ancestrales","isPartOf":{"@id":"https:\/\/monnomada.net\/senegal\/#website"},"primaryImageOfPage":{"@id":"https:\/\/monnomada.net\/senegal\/1-2\/pais-bassari\/#primaryimage"},"image":{"@id":"https:\/\/monnomada.net\/senegal\/1-2\/pais-bassari\/#primaryimage"},"thumbnailUrl":"https:\/\/monnomada.net\/senegal\/wp-content\/uploads\/2020\/03\/BASARI1-300x225.jpg","datePublished":"2020-03-16T16:17:18+00:00","dateModified":"2020-04-13T14:58:33+00:00","description":"Viajando por el Pa\u00eds Bassari en el Sureste de Senegal encontramos un territorio virgen con tradiciones ancestrales, los bedik y los bassari nos acogen","breadcrumb":{"@id":"https:\/\/monnomada.net\/senegal\/1-2\/pais-bassari\/#breadcrumb"},"inLanguage":"es","potentialAction":[{"@type":"ReadAction","target":["https:\/\/monnomada.net\/senegal\/1-2\/pais-bassari\/"]}]},{"@type":"ImageObject","inLanguage":"es","@id":"https:\/\/monnomada.net\/senegal\/1-2\/pais-bassari\/#primaryimage","url":"https:\/\/monnomada.net\/senegal\/wp-content\/uploads\/2020\/03\/BASARI1.jpg","contentUrl":"https:\/\/monnomada.net\/senegal\/wp-content\/uploads\/2020\/03\/BASARI1.jpg","width":650,"height":488,"caption":"Un lugar para la aventura"},{"@type":"BreadcrumbList","@id":"https:\/\/monnomada.net\/senegal\/1-2\/pais-bassari\/#breadcrumb","itemListElement":[{"@type":"ListItem","position":1,"name":"Portada","item":"https:\/\/monnomada.net\/senegal\/"},{"@type":"ListItem","position":2,"name":"Experiencias viajando por Senegal","item":"https:\/\/monnomada.net\/senegal\/1-2\/"},{"@type":"ListItem","position":3,"name":"Pais Bassari"}]},{"@type":"WebSite","@id":"https:\/\/monnomada.net\/senegal\/#website","url":"https:\/\/monnomada.net\/senegal\/","name":"","description":"","publisher":{"@id":"https:\/\/monnomada.net\/senegal\/#organization"},"potentialAction":[{"@type":"SearchAction","target":{"@type":"EntryPoint","urlTemplate":"https:\/\/monnomada.net\/senegal\/?s={search_term_string}"},"query-input":"required name=search_term_string"}],"inLanguage":"es"},{"@type":"Organization","@id":"https:\/\/monnomada.net\/senegal\/#organization","name":"Happy Travel Online","url":"https:\/\/monnomada.net\/senegal\/","logo":{"@type":"ImageObject","inLanguage":"es","@id":"https:\/\/monnomada.net\/senegal\/#\/schema\/logo\/image\/","url":"https:\/\/monnomada.net\/senegal\/wp-content\/uploads\/2020\/03\/logo550-e1585087289202.png","contentUrl":"https:\/\/monnomada.net\/senegal\/wp-content\/uploads\/2020\/03\/logo550-e1585087289202.png","width":90,"height":90,"caption":"Happy Travel Online"},"image":{"@id":"https:\/\/monnomada.net\/senegal\/#\/schema\/logo\/image\/"},"sameAs":["https:\/\/www.facebook.com\/happytravel.viajes\/","https:\/\/x.com\/happytravelon","https:\/\/www.instagram.com\/happytravel.viajes\/","https:\/\/www.youtube.com\/channel\/UCJMoPBeMh6hFMTE4Zzg3sJg"]}]}},"_links":{"self":[{"href":"https:\/\/monnomada.net\/senegal\/wp-json\/wp\/v2\/pages\/117","targetHints":{"allow":["GET"]}}],"collection":[{"href":"https:\/\/monnomada.net\/senegal\/wp-json\/wp\/v2\/pages"}],"about":[{"href":"https:\/\/monnomada.net\/senegal\/wp-json\/wp\/v2\/types\/page"}],"author":[{"embeddable":true,"href":"https:\/\/monnomada.net\/senegal\/wp-json\/wp\/v2\/users\/1"}],"replies":[{"embeddable":true,"href":"https:\/\/monnomada.net\/senegal\/wp-json\/wp\/v2\/comments?post=117"}],"version-history":[{"count":14,"href":"https:\/\/monnomada.net\/senegal\/wp-json\/wp\/v2\/pages\/117\/revisions"}],"predecessor-version":[{"id":303,"href":"https:\/\/monnomada.net\/senegal\/wp-json\/wp\/v2\/pages\/117\/revisions\/303"}],"up":[{"embeddable":true,"href":"https:\/\/monnomada.net\/senegal\/wp-json\/wp\/v2\/pages\/212"}],"wp:attachment":[{"href":"https:\/\/monnomada.net\/senegal\/wp-json\/wp\/v2\/media?parent=117"}],"curies":[{"name":"wp","href":"https:\/\/api.w.org\/{rel}","templated":true}]}}