{"id":111,"date":"2020-03-16T16:06:13","date_gmt":"2020-03-16T16:06:13","guid":{"rendered":"https:\/\/monnomada.net\/senegal\/?page_id=111"},"modified":"2020-04-02T19:55:57","modified_gmt":"2020-04-02T19:55:57","slug":"saint-louis","status":"publish","type":"page","link":"https:\/\/monnomada.net\/senegal\/1-2\/saint-louis\/","title":{"rendered":"Saint Louis"},"content":{"rendered":"<p><strong>Saint Louis<\/strong> (o San Luis) es la capital del Norte del Pa\u00eds, situada en una isla junto a la frontera con Mauritania. La <strong>arquitectura colonial<\/strong> es el gran atractivo del lugar, junto con el puente de hierro que una la isla con el continente, <strong>la isla de N\u2019Dar<\/strong>, donde encontramos el casco antiguo de la ciudad. Este puente, de nombre <strong>Faidherbe<\/strong> fue dise\u00f1ado por el mismo Gustave Eiffel y construido en 1865.<\/p>\n<p>Saint Louis forma parte del <strong>Patrimonio de la Humanidad<\/strong>, es un lugar tranquilo con un gran encanto. Entre lo m\u00e1s destacado de su arquitectura encontramos el Palacio del Gobernador y una Iglesia Catedral de estilo Neocl\u00e1sico.<\/p>\n<p>Al Sur, encontramos largas playas arenosas y el<strong> Parque Nacional Languede de Barbarie<\/strong>, con muchas especies de aves. Aunque el gran parque de aves es el <strong><a href=\"https:\/\/monnomada.net\/senegal\/1-2\/parque-nacional-de-djoudj\/\">Djoudj<\/a>,<\/strong> uno de los mayores del mundo, y se encuentra al Nordeste de Saint Louis.<\/p>\n<p>Un lugar que no nos podemos perder si vistamos esta regi\u00f3n es el pueblo pesquero de <strong>Guet N\u2019Dar<\/strong>, Es como un barrio de Saint Louis, junto a la desembocadura del r\u00edo Senegal encontramos gran cantidad de barcas y un paisaje aut\u00e9ntico africano, con muchos ni\u00f1os ba\u00f1\u00e1ndose en la playa<\/p>\n<div class=\"su-table su-table-alternate\">\n<table>\n<tbody>\n<tr>\n<td>\n<figure id=\"attachment_112\" aria-describedby=\"caption-attachment-112\" style=\"width: 300px\" class=\"wp-caption alignnone\"><img loading=\"lazy\" decoding=\"async\" class=\"size-medium wp-image-112\" src=\"https:\/\/monnomada.net\/senegal\/wp-content\/uploads\/2020\/03\/sluis004-1-300x202.jpg\" alt=\"Puente de hierro\" width=\"300\" height=\"202\" srcset=\"https:\/\/monnomada.net\/senegal\/wp-content\/uploads\/2020\/03\/sluis004-1-300x202.jpg 300w, https:\/\/monnomada.net\/senegal\/wp-content\/uploads\/2020\/03\/sluis004-1-230x155.jpg 230w, https:\/\/monnomada.net\/senegal\/wp-content\/uploads\/2020\/03\/sluis004-1.jpg 650w\" sizes=\"auto, (max-width: 300px) 100vw, 300px\" \/><figcaption id=\"caption-attachment-112\" class=\"wp-caption-text\">Puente Faidherbe<\/figcaption><\/figure><\/td>\n<td>\n<figure id=\"attachment_113\" aria-describedby=\"caption-attachment-113\" style=\"width: 300px\" class=\"wp-caption alignnone\"><img loading=\"lazy\" decoding=\"async\" class=\"size-medium wp-image-113\" src=\"https:\/\/monnomada.net\/senegal\/wp-content\/uploads\/2020\/03\/sluis005-300x198.jpg\" alt=\"Puente Saint Louis\" width=\"300\" height=\"198\" srcset=\"https:\/\/monnomada.net\/senegal\/wp-content\/uploads\/2020\/03\/sluis005-300x198.jpg 300w, https:\/\/monnomada.net\/senegal\/wp-content\/uploads\/2020\/03\/sluis005-230x152.jpg 230w, https:\/\/monnomada.net\/senegal\/wp-content\/uploads\/2020\/03\/sluis005.jpg 650w\" sizes=\"auto, (max-width: 300px) 100vw, 300px\" \/><figcaption id=\"caption-attachment-113\" class=\"wp-caption-text\">Imagen con el Puente Faidherbe al fondo<\/figcaption><\/figure><\/td>\n<td>\n<figure id=\"attachment_114\" aria-describedby=\"caption-attachment-114\" style=\"width: 300px\" class=\"wp-caption alignnone\"><img loading=\"lazy\" decoding=\"async\" class=\"size-medium wp-image-114\" src=\"https:\/\/monnomada.net\/senegal\/wp-content\/uploads\/2020\/03\/sluis014-300x196.jpg\" alt=\"Imagen de San Luis\" width=\"300\" height=\"196\" srcset=\"https:\/\/monnomada.net\/senegal\/wp-content\/uploads\/2020\/03\/sluis014-300x196.jpg 300w, https:\/\/monnomada.net\/senegal\/wp-content\/uploads\/2020\/03\/sluis014-230x150.jpg 230w, https:\/\/monnomada.net\/senegal\/wp-content\/uploads\/2020\/03\/sluis014.jpg 650w\" sizes=\"auto, (max-width: 300px) 100vw, 300px\" \/><figcaption id=\"caption-attachment-114\" class=\"wp-caption-text\">Imagen de la periferia<\/figcaption><\/figure><\/td>\n<\/tr>\n<\/tbody>\n<\/table>\n<\/div>\n","protected":false},"excerpt":{"rendered":"<p>Saint Louis (o San Luis) es la capital del Norte del Pa\u00eds, situada en una isla junto a la frontera con Mauritania. La arquitectura colonial es el gran atractivo del lugar, junto con el puente de hierro que una la isla con el continente, la isla de N\u2019Dar, donde encontramos el casco antiguo de la &#8230;.&nbsp;&nbsp;<a class=\" special\" href=\"https:\/\/monnomada.net\/senegal\/1-2\/saint-louis\/\">Read More<\/a><\/p>\n","protected":false},"author":1,"featured_media":0,"parent":212,"menu_order":0,"comment_status":"closed","ping_status":"closed","template":"","meta":{"pagelayer_contact_templates":[],"_pagelayer_content":"","footnotes":""},"class_list":["post-111","page","type-page","status-publish","hentry"],"yoast_head":"<!-- This site is optimized with the Yoast SEO plugin v23.0 - https:\/\/yoast.com\/wordpress\/plugins\/seo\/ -->\n<title>Saint Louis -<\/title>\n<meta name=\"robots\" content=\"index, follow, max-snippet:-1, max-image-preview:large, max-video-preview:-1\" \/>\n<link rel=\"canonical\" href=\"https:\/\/monnomada.net\/senegal\/1-2\/saint-louis\/\" \/>\n<meta property=\"og:locale\" content=\"es_ES\" \/>\n<meta property=\"og:type\" content=\"article\" \/>\n<meta property=\"og:title\" content=\"Saint Louis -\" \/>\n<meta property=\"og:description\" content=\"Saint Louis (o San Luis) es la capital del Norte del Pa\u00eds, situada en una isla junto a la frontera con Mauritania. La arquitectura colonial es el gran atractivo del lugar, junto con el puente de hierro que una la isla con el continente, la isla de N\u2019Dar, donde encontramos el casco antiguo de la ....&nbsp;&nbsp;Read More\" \/>\n<meta property=\"og:url\" content=\"https:\/\/monnomada.net\/senegal\/1-2\/saint-louis\/\" \/>\n<meta property=\"article:publisher\" content=\"https:\/\/www.facebook.com\/happytravel.viajes\/\" \/>\n<meta property=\"article:modified_time\" content=\"2020-04-02T19:55:57+00:00\" \/>\n<meta property=\"og:image\" content=\"https:\/\/monnomada.net\/senegal\/wp-content\/uploads\/2020\/03\/sluis004-1-300x202.jpg\" \/>\n<meta name=\"twitter:card\" content=\"summary_large_image\" \/>\n<meta name=\"twitter:site\" content=\"@happytravelon\" \/>\n<meta name=\"twitter:label1\" content=\"Tiempo de lectura\" \/>\n\t<meta name=\"twitter:data1\" content=\"1 minuto\" \/>\n<script type=\"application\/ld+json\" class=\"yoast-schema-graph\">{\"@context\":\"https:\/\/schema.org\",\"@graph\":[{\"@type\":\"WebPage\",\"@id\":\"https:\/\/monnomada.net\/senegal\/1-2\/saint-louis\/\",\"url\":\"https:\/\/monnomada.net\/senegal\/1-2\/saint-louis\/\",\"name\":\"Saint Louis -\",\"isPartOf\":{\"@id\":\"https:\/\/monnomada.net\/senegal\/#website\"},\"primaryImageOfPage\":{\"@id\":\"https:\/\/monnomada.net\/senegal\/1-2\/saint-louis\/#primaryimage\"},\"image\":{\"@id\":\"https:\/\/monnomada.net\/senegal\/1-2\/saint-louis\/#primaryimage\"},\"thumbnailUrl\":\"https:\/\/monnomada.net\/senegal\/wp-content\/uploads\/2020\/03\/sluis004-1-300x202.jpg\",\"datePublished\":\"2020-03-16T16:06:13+00:00\",\"dateModified\":\"2020-04-02T19:55:57+00:00\",\"breadcrumb\":{\"@id\":\"https:\/\/monnomada.net\/senegal\/1-2\/saint-louis\/#breadcrumb\"},\"inLanguage\":\"es\",\"potentialAction\":[{\"@type\":\"ReadAction\",\"target\":[\"https:\/\/monnomada.net\/senegal\/1-2\/saint-louis\/\"]}]},{\"@type\":\"ImageObject\",\"inLanguage\":\"es\",\"@id\":\"https:\/\/monnomada.net\/senegal\/1-2\/saint-louis\/#primaryimage\",\"url\":\"https:\/\/monnomada.net\/senegal\/wp-content\/uploads\/2020\/03\/sluis004-1.jpg\",\"contentUrl\":\"https:\/\/monnomada.net\/senegal\/wp-content\/uploads\/2020\/03\/sluis004-1.jpg\",\"width\":650,\"height\":437,\"caption\":\"Puente Faidherbe\"},{\"@type\":\"BreadcrumbList\",\"@id\":\"https:\/\/monnomada.net\/senegal\/1-2\/saint-louis\/#breadcrumb\",\"itemListElement\":[{\"@type\":\"ListItem\",\"position\":1,\"name\":\"Portada\",\"item\":\"https:\/\/monnomada.net\/senegal\/\"},{\"@type\":\"ListItem\",\"position\":2,\"name\":\"Experiencias viajando por Senegal\",\"item\":\"https:\/\/monnomada.net\/senegal\/1-2\/\"},{\"@type\":\"ListItem\",\"position\":3,\"name\":\"Saint Louis\"}]},{\"@type\":\"WebSite\",\"@id\":\"https:\/\/monnomada.net\/senegal\/#website\",\"url\":\"https:\/\/monnomada.net\/senegal\/\",\"name\":\"\",\"description\":\"\",\"publisher\":{\"@id\":\"https:\/\/monnomada.net\/senegal\/#organization\"},\"potentialAction\":[{\"@type\":\"SearchAction\",\"target\":{\"@type\":\"EntryPoint\",\"urlTemplate\":\"https:\/\/monnomada.net\/senegal\/?s={search_term_string}\"},\"query-input\":\"required name=search_term_string\"}],\"inLanguage\":\"es\"},{\"@type\":\"Organization\",\"@id\":\"https:\/\/monnomada.net\/senegal\/#organization\",\"name\":\"Happy Travel Online\",\"url\":\"https:\/\/monnomada.net\/senegal\/\",\"logo\":{\"@type\":\"ImageObject\",\"inLanguage\":\"es\",\"@id\":\"https:\/\/monnomada.net\/senegal\/#\/schema\/logo\/image\/\",\"url\":\"https:\/\/monnomada.net\/senegal\/wp-content\/uploads\/2020\/03\/logo550-e1585087289202.png\",\"contentUrl\":\"https:\/\/monnomada.net\/senegal\/wp-content\/uploads\/2020\/03\/logo550-e1585087289202.png\",\"width\":90,\"height\":90,\"caption\":\"Happy Travel Online\"},\"image\":{\"@id\":\"https:\/\/monnomada.net\/senegal\/#\/schema\/logo\/image\/\"},\"sameAs\":[\"https:\/\/www.facebook.com\/happytravel.viajes\/\",\"https:\/\/x.com\/happytravelon\",\"https:\/\/www.instagram.com\/happytravel.viajes\/\",\"https:\/\/www.youtube.com\/channel\/UCJMoPBeMh6hFMTE4Zzg3sJg\"]}]}<\/script>\n<!-- \/ Yoast SEO plugin. -->","yoast_head_json":{"title":"Saint Louis -","robots":{"index":"index","follow":"follow","max-snippet":"max-snippet:-1","max-image-preview":"max-image-preview:large","max-video-preview":"max-video-preview:-1"},"canonical":"https:\/\/monnomada.net\/senegal\/1-2\/saint-louis\/","og_locale":"es_ES","og_type":"article","og_title":"Saint Louis -","og_description":"Saint Louis (o San Luis) es la capital del Norte del Pa\u00eds, situada en una isla junto a la frontera con Mauritania. La arquitectura colonial es el gran atractivo del lugar, junto con el puente de hierro que una la isla con el continente, la isla de N\u2019Dar, donde encontramos el casco antiguo de la ....&nbsp;&nbsp;Read More","og_url":"https:\/\/monnomada.net\/senegal\/1-2\/saint-louis\/","article_publisher":"https:\/\/www.facebook.com\/happytravel.viajes\/","article_modified_time":"2020-04-02T19:55:57+00:00","og_image":[{"url":"https:\/\/monnomada.net\/senegal\/wp-content\/uploads\/2020\/03\/sluis004-1-300x202.jpg"}],"twitter_card":"summary_large_image","twitter_site":"@happytravelon","twitter_misc":{"Tiempo de lectura":"1 minuto"},"schema":{"@context":"https:\/\/schema.org","@graph":[{"@type":"WebPage","@id":"https:\/\/monnomada.net\/senegal\/1-2\/saint-louis\/","url":"https:\/\/monnomada.net\/senegal\/1-2\/saint-louis\/","name":"Saint Louis -","isPartOf":{"@id":"https:\/\/monnomada.net\/senegal\/#website"},"primaryImageOfPage":{"@id":"https:\/\/monnomada.net\/senegal\/1-2\/saint-louis\/#primaryimage"},"image":{"@id":"https:\/\/monnomada.net\/senegal\/1-2\/saint-louis\/#primaryimage"},"thumbnailUrl":"https:\/\/monnomada.net\/senegal\/wp-content\/uploads\/2020\/03\/sluis004-1-300x202.jpg","datePublished":"2020-03-16T16:06:13+00:00","dateModified":"2020-04-02T19:55:57+00:00","breadcrumb":{"@id":"https:\/\/monnomada.net\/senegal\/1-2\/saint-louis\/#breadcrumb"},"inLanguage":"es","potentialAction":[{"@type":"ReadAction","target":["https:\/\/monnomada.net\/senegal\/1-2\/saint-louis\/"]}]},{"@type":"ImageObject","inLanguage":"es","@id":"https:\/\/monnomada.net\/senegal\/1-2\/saint-louis\/#primaryimage","url":"https:\/\/monnomada.net\/senegal\/wp-content\/uploads\/2020\/03\/sluis004-1.jpg","contentUrl":"https:\/\/monnomada.net\/senegal\/wp-content\/uploads\/2020\/03\/sluis004-1.jpg","width":650,"height":437,"caption":"Puente Faidherbe"},{"@type":"BreadcrumbList","@id":"https:\/\/monnomada.net\/senegal\/1-2\/saint-louis\/#breadcrumb","itemListElement":[{"@type":"ListItem","position":1,"name":"Portada","item":"https:\/\/monnomada.net\/senegal\/"},{"@type":"ListItem","position":2,"name":"Experiencias viajando por Senegal","item":"https:\/\/monnomada.net\/senegal\/1-2\/"},{"@type":"ListItem","position":3,"name":"Saint Louis"}]},{"@type":"WebSite","@id":"https:\/\/monnomada.net\/senegal\/#website","url":"https:\/\/monnomada.net\/senegal\/","name":"","description":"","publisher":{"@id":"https:\/\/monnomada.net\/senegal\/#organization"},"potentialAction":[{"@type":"SearchAction","target":{"@type":"EntryPoint","urlTemplate":"https:\/\/monnomada.net\/senegal\/?s={search_term_string}"},"query-input":"required name=search_term_string"}],"inLanguage":"es"},{"@type":"Organization","@id":"https:\/\/monnomada.net\/senegal\/#organization","name":"Happy Travel Online","url":"https:\/\/monnomada.net\/senegal\/","logo":{"@type":"ImageObject","inLanguage":"es","@id":"https:\/\/monnomada.net\/senegal\/#\/schema\/logo\/image\/","url":"https:\/\/monnomada.net\/senegal\/wp-content\/uploads\/2020\/03\/logo550-e1585087289202.png","contentUrl":"https:\/\/monnomada.net\/senegal\/wp-content\/uploads\/2020\/03\/logo550-e1585087289202.png","width":90,"height":90,"caption":"Happy Travel Online"},"image":{"@id":"https:\/\/monnomada.net\/senegal\/#\/schema\/logo\/image\/"},"sameAs":["https:\/\/www.facebook.com\/happytravel.viajes\/","https:\/\/x.com\/happytravelon","https:\/\/www.instagram.com\/happytravel.viajes\/","https:\/\/www.youtube.com\/channel\/UCJMoPBeMh6hFMTE4Zzg3sJg"]}]}},"_links":{"self":[{"href":"https:\/\/monnomada.net\/senegal\/wp-json\/wp\/v2\/pages\/111","targetHints":{"allow":["GET"]}}],"collection":[{"href":"https:\/\/monnomada.net\/senegal\/wp-json\/wp\/v2\/pages"}],"about":[{"href":"https:\/\/monnomada.net\/senegal\/wp-json\/wp\/v2\/types\/page"}],"author":[{"embeddable":true,"href":"https:\/\/monnomada.net\/senegal\/wp-json\/wp\/v2\/users\/1"}],"replies":[{"embeddable":true,"href":"https:\/\/monnomada.net\/senegal\/wp-json\/wp\/v2\/comments?post=111"}],"version-history":[{"count":4,"href":"https:\/\/monnomada.net\/senegal\/wp-json\/wp\/v2\/pages\/111\/revisions"}],"predecessor-version":[{"id":243,"href":"https:\/\/monnomada.net\/senegal\/wp-json\/wp\/v2\/pages\/111\/revisions\/243"}],"up":[{"embeddable":true,"href":"https:\/\/monnomada.net\/senegal\/wp-json\/wp\/v2\/pages\/212"}],"wp:attachment":[{"href":"https:\/\/monnomada.net\/senegal\/wp-json\/wp\/v2\/media?parent=111"}],"curies":[{"name":"wp","href":"https:\/\/api.w.org\/{rel}","templated":true}]}}