{"id":103,"date":"2020-03-16T15:53:38","date_gmt":"2020-03-16T15:53:38","guid":{"rendered":"https:\/\/monnomada.net\/senegal\/?page_id=103"},"modified":"2020-04-03T17:49:58","modified_gmt":"2020-04-03T17:49:58","slug":"lago-retba","status":"publish","type":"page","link":"https:\/\/monnomada.net\/senegal\/1-2\/lago-retba\/","title":{"rendered":"Lago Retba"},"content":{"rendered":"<p>El <strong>Lago Rosa<\/strong> o <strong>Lago Retba<\/strong> es todo un s\u00edmbolo en Senegal, uno de los lugares m\u00e1s conocidos del pa\u00eds debido a que all\u00ed finalizaba el <strong>Rally Dakar<\/strong> hace unos a\u00f1os, cuando la prueba se hac\u00eda en \u00c1frica.\u00a0 Situado al Norte de la capital, <a href=\"https:\/\/monnomada.net\/senegal\/1-2\/dakar\/\">Dakar<\/a>, destaca por una gran salinidad. El crecimiento de un alga que fabrica un pigmento para absorber la luz del sol, hace que en determinadas \u00e9pocas, especialmente temporada seca, el agua adquiera un color rosado.\u00a0 Pero a lo largo del d\u00eda, y dependiendo de los rayos de sol, las tonalidades tambi\u00e9n var\u00edan.<\/p>\n<p>Del Lago se extrae gran cantidad de sal, los hombres entran en el agua protegiendo su cuerpo con manteca de karit\u00e9 ya que el grado de salinidad es altamente corrosivo y las personas flotan con gran facilidad. La sal se extrae llenando piraguas que luego las mujeres descargan el el borde y la dejan secar al sol para blanquearla.<\/p>\n<p>El lugar adquiri\u00f3 una gran relevancia cuando a\u00f1o tras a\u00f1o, era el punto final del Rally Dakar. En la zona se han ido instalando hoteles y se ha convertido en un reclamo tur\u00edstico, se hacen excursiones recorriendo dunas en 4&#215;4 y visitando <a href=\"https:\/\/monnomada.net\/senegal\/1-2\/los-peul\/\">pueblos y aldeas de la etnia <strong>peul<\/strong><\/a> que se encuentran cercanos.<\/p>\n<div class=\"su-table su-table-alternate\">\n<table>\n<tbody>\n<tr>\n<td>\n<figure id=\"attachment_104\" aria-describedby=\"caption-attachment-104\" style=\"width: 300px\" class=\"wp-caption alignnone\"><img loading=\"lazy\" decoding=\"async\" class=\"size-medium wp-image-104\" src=\"https:\/\/monnomada.net\/senegal\/wp-content\/uploads\/2020\/03\/llacrosa_1188-300x200.jpg\" alt=\"Lago Rosa\" width=\"300\" height=\"200\" srcset=\"https:\/\/monnomada.net\/senegal\/wp-content\/uploads\/2020\/03\/llacrosa_1188-300x200.jpg 300w, https:\/\/monnomada.net\/senegal\/wp-content\/uploads\/2020\/03\/llacrosa_1188-230x153.jpg 230w, https:\/\/monnomada.net\/senegal\/wp-content\/uploads\/2020\/03\/llacrosa_1188.jpg 650w\" sizes=\"auto, (max-width: 300px) 100vw, 300px\" \/><figcaption id=\"caption-attachment-104\" class=\"wp-caption-text\">Extrayendo sal de lago<\/figcaption><\/figure><\/td>\n<td>\n<figure id=\"attachment_105\" aria-describedby=\"caption-attachment-105\" style=\"width: 300px\" class=\"wp-caption alignnone\"><img loading=\"lazy\" decoding=\"async\" class=\"size-medium wp-image-105\" src=\"https:\/\/monnomada.net\/senegal\/wp-content\/uploads\/2020\/03\/llacrosa1152-300x200.jpg\" alt=\"Mujeres hacia el lago\" width=\"300\" height=\"200\" srcset=\"https:\/\/monnomada.net\/senegal\/wp-content\/uploads\/2020\/03\/llacrosa1152-300x200.jpg 300w, https:\/\/monnomada.net\/senegal\/wp-content\/uploads\/2020\/03\/llacrosa1152-230x153.jpg 230w, https:\/\/monnomada.net\/senegal\/wp-content\/uploads\/2020\/03\/llacrosa1152.jpg 650w\" sizes=\"auto, (max-width: 300px) 100vw, 300px\" \/><figcaption id=\"caption-attachment-105\" class=\"wp-caption-text\">Mujeres se dirigen al lago<\/figcaption><\/figure><\/td>\n<td>\n<figure id=\"attachment_106\" aria-describedby=\"caption-attachment-106\" style=\"width: 300px\" class=\"wp-caption alignnone\"><img loading=\"lazy\" decoding=\"async\" class=\"size-medium wp-image-106\" src=\"https:\/\/monnomada.net\/senegal\/wp-content\/uploads\/2020\/03\/llacrosa1181-300x200.jpg\" alt=\"Lago Retba\" width=\"300\" height=\"200\" srcset=\"https:\/\/monnomada.net\/senegal\/wp-content\/uploads\/2020\/03\/llacrosa1181-300x200.jpg 300w, https:\/\/monnomada.net\/senegal\/wp-content\/uploads\/2020\/03\/llacrosa1181-230x153.jpg 230w, https:\/\/monnomada.net\/senegal\/wp-content\/uploads\/2020\/03\/llacrosa1181.jpg 650w\" sizes=\"auto, (max-width: 300px) 100vw, 300px\" \/><figcaption id=\"caption-attachment-106\" class=\"wp-caption-text\">Con la barca cargada de sal<\/figcaption><\/figure><\/td>\n<\/tr>\n<tr>\n<td>\n<figure id=\"attachment_107\" aria-describedby=\"caption-attachment-107\" style=\"width: 300px\" class=\"wp-caption aligncenter\"><img loading=\"lazy\" decoding=\"async\" class=\"size-medium wp-image-107\" src=\"https:\/\/monnomada.net\/senegal\/wp-content\/uploads\/2020\/03\/G_1175-300x200.jpg\" alt=\"Barca\" width=\"300\" height=\"200\" srcset=\"https:\/\/monnomada.net\/senegal\/wp-content\/uploads\/2020\/03\/G_1175-300x200.jpg 300w, https:\/\/monnomada.net\/senegal\/wp-content\/uploads\/2020\/03\/G_1175-230x153.jpg 230w, https:\/\/monnomada.net\/senegal\/wp-content\/uploads\/2020\/03\/G_1175.jpg 650w\" sizes=\"auto, (max-width: 300px) 100vw, 300px\" \/><figcaption id=\"caption-attachment-107\" class=\"wp-caption-text\">Joven sentado en una barca<\/figcaption><\/figure><\/td>\n<td>\n<figure id=\"attachment_108\" aria-describedby=\"caption-attachment-108\" style=\"width: 225px\" class=\"wp-caption aligncenter\"><img loading=\"lazy\" decoding=\"async\" class=\"size-medium wp-image-108\" src=\"https:\/\/monnomada.net\/senegal\/wp-content\/uploads\/2020\/03\/llac-rosa-hotel-basari-225x300.jpg\" alt=\"Sal amontonada\" width=\"225\" height=\"300\" srcset=\"https:\/\/monnomada.net\/senegal\/wp-content\/uploads\/2020\/03\/llac-rosa-hotel-basari-225x300.jpg 225w, https:\/\/monnomada.net\/senegal\/wp-content\/uploads\/2020\/03\/llac-rosa-hotel-basari-230x306.jpg 230w, https:\/\/monnomada.net\/senegal\/wp-content\/uploads\/2020\/03\/llac-rosa-hotel-basari.jpg 488w\" sizes=\"auto, (max-width: 225px) 100vw, 225px\" \/><figcaption id=\"caption-attachment-108\" class=\"wp-caption-text\">La sal se amontona alrededor del lago<\/figcaption><\/figure><\/td>\n<td>\n<figure id=\"attachment_101\" aria-describedby=\"caption-attachment-101\" style=\"width: 300px\" class=\"wp-caption aligncenter\"><img loading=\"lazy\" decoding=\"async\" class=\"size-medium wp-image-101\" src=\"https:\/\/monnomada.net\/senegal\/wp-content\/uploads\/2020\/03\/llacrosa_1146-300x200.jpg\" alt=\"Lago Rosa\" width=\"300\" height=\"200\" srcset=\"https:\/\/monnomada.net\/senegal\/wp-content\/uploads\/2020\/03\/llacrosa_1146-300x200.jpg 300w, https:\/\/monnomada.net\/senegal\/wp-content\/uploads\/2020\/03\/llacrosa_1146-230x153.jpg 230w, https:\/\/monnomada.net\/senegal\/wp-content\/uploads\/2020\/03\/llacrosa_1146.jpg 650w\" sizes=\"auto, (max-width: 300px) 100vw, 300px\" \/><figcaption id=\"caption-attachment-101\" class=\"wp-caption-text\">Mujeres trasportan sal junto al Lago Retba<\/figcaption><\/figure><\/td>\n<\/tr>\n<\/tbody>\n<\/table>\n<\/div>\n","protected":false},"excerpt":{"rendered":"<p>El Lago Rosa o Lago Retba es todo un s\u00edmbolo en Senegal, uno de los lugares m\u00e1s conocidos del pa\u00eds debido a que all\u00ed finalizaba el Rally Dakar hace unos a\u00f1os, cuando la prueba se hac\u00eda en \u00c1frica.\u00a0 Situado al Norte de la capital, Dakar, destaca por una gran salinidad. El crecimiento de un alga &#8230;.&nbsp;&nbsp;<a class=\" special\" href=\"https:\/\/monnomada.net\/senegal\/1-2\/lago-retba\/\">Read More<\/a><\/p>\n","protected":false},"author":1,"featured_media":0,"parent":212,"menu_order":3,"comment_status":"closed","ping_status":"closed","template":"","meta":{"pagelayer_contact_templates":[],"_pagelayer_content":"","footnotes":""},"class_list":["post-103","page","type-page","status-publish","hentry"],"yoast_head":"<!-- This site is optimized with the Yoast SEO plugin v23.0 - https:\/\/yoast.com\/wordpress\/plugins\/seo\/ -->\n<title>Lago Retba - el lago Rosa es todo un s\u00edmbolo en Senegal<\/title>\n<meta name=\"robots\" content=\"index, follow, max-snippet:-1, max-image-preview:large, max-video-preview:-1\" \/>\n<link rel=\"canonical\" href=\"https:\/\/monnomada.net\/senegal\/1-2\/lago-retba\/\" \/>\n<meta property=\"og:locale\" content=\"es_ES\" \/>\n<meta property=\"og:type\" content=\"article\" \/>\n<meta property=\"og:title\" content=\"Lago Retba - el lago Rosa es todo un s\u00edmbolo en Senegal\" \/>\n<meta property=\"og:description\" content=\"El Lago Rosa o Lago Retba es todo un s\u00edmbolo en Senegal, uno de los lugares m\u00e1s conocidos del pa\u00eds debido a que all\u00ed finalizaba el Rally Dakar hace unos a\u00f1os, cuando la prueba se hac\u00eda en \u00c1frica.\u00a0 Situado al Norte de la capital, Dakar, destaca por una gran salinidad. El crecimiento de un alga ....&nbsp;&nbsp;Read More\" \/>\n<meta property=\"og:url\" content=\"https:\/\/monnomada.net\/senegal\/1-2\/lago-retba\/\" \/>\n<meta property=\"article:publisher\" content=\"https:\/\/www.facebook.com\/happytravel.viajes\/\" \/>\n<meta property=\"article:modified_time\" content=\"2020-04-03T17:49:58+00:00\" \/>\n<meta property=\"og:image\" content=\"https:\/\/monnomada.net\/senegal\/wp-content\/uploads\/2020\/03\/llacrosa_1188-300x200.jpg\" \/>\n<meta name=\"twitter:card\" content=\"summary_large_image\" \/>\n<meta name=\"twitter:site\" content=\"@happytravelon\" \/>\n<meta name=\"twitter:label1\" content=\"Tiempo de lectura\" \/>\n\t<meta name=\"twitter:data1\" content=\"1 minuto\" \/>\n<script type=\"application\/ld+json\" class=\"yoast-schema-graph\">{\"@context\":\"https:\/\/schema.org\",\"@graph\":[{\"@type\":\"WebPage\",\"@id\":\"https:\/\/monnomada.net\/senegal\/1-2\/lago-retba\/\",\"url\":\"https:\/\/monnomada.net\/senegal\/1-2\/lago-retba\/\",\"name\":\"Lago Retba - el lago Rosa es todo un s\u00edmbolo en Senegal\",\"isPartOf\":{\"@id\":\"https:\/\/monnomada.net\/senegal\/#website\"},\"primaryImageOfPage\":{\"@id\":\"https:\/\/monnomada.net\/senegal\/1-2\/lago-retba\/#primaryimage\"},\"image\":{\"@id\":\"https:\/\/monnomada.net\/senegal\/1-2\/lago-retba\/#primaryimage\"},\"thumbnailUrl\":\"https:\/\/monnomada.net\/senegal\/wp-content\/uploads\/2020\/03\/llacrosa_1188-300x200.jpg\",\"datePublished\":\"2020-03-16T15:53:38+00:00\",\"dateModified\":\"2020-04-03T17:49:58+00:00\",\"breadcrumb\":{\"@id\":\"https:\/\/monnomada.net\/senegal\/1-2\/lago-retba\/#breadcrumb\"},\"inLanguage\":\"es\",\"potentialAction\":[{\"@type\":\"ReadAction\",\"target\":[\"https:\/\/monnomada.net\/senegal\/1-2\/lago-retba\/\"]}]},{\"@type\":\"ImageObject\",\"inLanguage\":\"es\",\"@id\":\"https:\/\/monnomada.net\/senegal\/1-2\/lago-retba\/#primaryimage\",\"url\":\"https:\/\/monnomada.net\/senegal\/wp-content\/uploads\/2020\/03\/llacrosa_1188.jpg\",\"contentUrl\":\"https:\/\/monnomada.net\/senegal\/wp-content\/uploads\/2020\/03\/llacrosa_1188.jpg\",\"width\":650,\"height\":433,\"caption\":\"Extrayendo sal de lago\"},{\"@type\":\"BreadcrumbList\",\"@id\":\"https:\/\/monnomada.net\/senegal\/1-2\/lago-retba\/#breadcrumb\",\"itemListElement\":[{\"@type\":\"ListItem\",\"position\":1,\"name\":\"Portada\",\"item\":\"https:\/\/monnomada.net\/senegal\/\"},{\"@type\":\"ListItem\",\"position\":2,\"name\":\"Experiencias viajando por Senegal\",\"item\":\"https:\/\/monnomada.net\/senegal\/1-2\/\"},{\"@type\":\"ListItem\",\"position\":3,\"name\":\"Lago Retba\"}]},{\"@type\":\"WebSite\",\"@id\":\"https:\/\/monnomada.net\/senegal\/#website\",\"url\":\"https:\/\/monnomada.net\/senegal\/\",\"name\":\"\",\"description\":\"\",\"publisher\":{\"@id\":\"https:\/\/monnomada.net\/senegal\/#organization\"},\"potentialAction\":[{\"@type\":\"SearchAction\",\"target\":{\"@type\":\"EntryPoint\",\"urlTemplate\":\"https:\/\/monnomada.net\/senegal\/?s={search_term_string}\"},\"query-input\":\"required name=search_term_string\"}],\"inLanguage\":\"es\"},{\"@type\":\"Organization\",\"@id\":\"https:\/\/monnomada.net\/senegal\/#organization\",\"name\":\"Happy Travel Online\",\"url\":\"https:\/\/monnomada.net\/senegal\/\",\"logo\":{\"@type\":\"ImageObject\",\"inLanguage\":\"es\",\"@id\":\"https:\/\/monnomada.net\/senegal\/#\/schema\/logo\/image\/\",\"url\":\"https:\/\/monnomada.net\/senegal\/wp-content\/uploads\/2020\/03\/logo550-e1585087289202.png\",\"contentUrl\":\"https:\/\/monnomada.net\/senegal\/wp-content\/uploads\/2020\/03\/logo550-e1585087289202.png\",\"width\":90,\"height\":90,\"caption\":\"Happy Travel Online\"},\"image\":{\"@id\":\"https:\/\/monnomada.net\/senegal\/#\/schema\/logo\/image\/\"},\"sameAs\":[\"https:\/\/www.facebook.com\/happytravel.viajes\/\",\"https:\/\/x.com\/happytravelon\",\"https:\/\/www.instagram.com\/happytravel.viajes\/\",\"https:\/\/www.youtube.com\/channel\/UCJMoPBeMh6hFMTE4Zzg3sJg\"]}]}<\/script>\n<!-- \/ Yoast SEO plugin. -->","yoast_head_json":{"title":"Lago Retba - el lago Rosa es todo un s\u00edmbolo en Senegal","robots":{"index":"index","follow":"follow","max-snippet":"max-snippet:-1","max-image-preview":"max-image-preview:large","max-video-preview":"max-video-preview:-1"},"canonical":"https:\/\/monnomada.net\/senegal\/1-2\/lago-retba\/","og_locale":"es_ES","og_type":"article","og_title":"Lago Retba - el lago Rosa es todo un s\u00edmbolo en Senegal","og_description":"El Lago Rosa o Lago Retba es todo un s\u00edmbolo en Senegal, uno de los lugares m\u00e1s conocidos del pa\u00eds debido a que all\u00ed finalizaba el Rally Dakar hace unos a\u00f1os, cuando la prueba se hac\u00eda en \u00c1frica.\u00a0 Situado al Norte de la capital, Dakar, destaca por una gran salinidad. El crecimiento de un alga ....&nbsp;&nbsp;Read More","og_url":"https:\/\/monnomada.net\/senegal\/1-2\/lago-retba\/","article_publisher":"https:\/\/www.facebook.com\/happytravel.viajes\/","article_modified_time":"2020-04-03T17:49:58+00:00","og_image":[{"url":"https:\/\/monnomada.net\/senegal\/wp-content\/uploads\/2020\/03\/llacrosa_1188-300x200.jpg"}],"twitter_card":"summary_large_image","twitter_site":"@happytravelon","twitter_misc":{"Tiempo de lectura":"1 minuto"},"schema":{"@context":"https:\/\/schema.org","@graph":[{"@type":"WebPage","@id":"https:\/\/monnomada.net\/senegal\/1-2\/lago-retba\/","url":"https:\/\/monnomada.net\/senegal\/1-2\/lago-retba\/","name":"Lago Retba - el lago Rosa es todo un s\u00edmbolo en Senegal","isPartOf":{"@id":"https:\/\/monnomada.net\/senegal\/#website"},"primaryImageOfPage":{"@id":"https:\/\/monnomada.net\/senegal\/1-2\/lago-retba\/#primaryimage"},"image":{"@id":"https:\/\/monnomada.net\/senegal\/1-2\/lago-retba\/#primaryimage"},"thumbnailUrl":"https:\/\/monnomada.net\/senegal\/wp-content\/uploads\/2020\/03\/llacrosa_1188-300x200.jpg","datePublished":"2020-03-16T15:53:38+00:00","dateModified":"2020-04-03T17:49:58+00:00","breadcrumb":{"@id":"https:\/\/monnomada.net\/senegal\/1-2\/lago-retba\/#breadcrumb"},"inLanguage":"es","potentialAction":[{"@type":"ReadAction","target":["https:\/\/monnomada.net\/senegal\/1-2\/lago-retba\/"]}]},{"@type":"ImageObject","inLanguage":"es","@id":"https:\/\/monnomada.net\/senegal\/1-2\/lago-retba\/#primaryimage","url":"https:\/\/monnomada.net\/senegal\/wp-content\/uploads\/2020\/03\/llacrosa_1188.jpg","contentUrl":"https:\/\/monnomada.net\/senegal\/wp-content\/uploads\/2020\/03\/llacrosa_1188.jpg","width":650,"height":433,"caption":"Extrayendo sal de lago"},{"@type":"BreadcrumbList","@id":"https:\/\/monnomada.net\/senegal\/1-2\/lago-retba\/#breadcrumb","itemListElement":[{"@type":"ListItem","position":1,"name":"Portada","item":"https:\/\/monnomada.net\/senegal\/"},{"@type":"ListItem","position":2,"name":"Experiencias viajando por Senegal","item":"https:\/\/monnomada.net\/senegal\/1-2\/"},{"@type":"ListItem","position":3,"name":"Lago Retba"}]},{"@type":"WebSite","@id":"https:\/\/monnomada.net\/senegal\/#website","url":"https:\/\/monnomada.net\/senegal\/","name":"","description":"","publisher":{"@id":"https:\/\/monnomada.net\/senegal\/#organization"},"potentialAction":[{"@type":"SearchAction","target":{"@type":"EntryPoint","urlTemplate":"https:\/\/monnomada.net\/senegal\/?s={search_term_string}"},"query-input":"required name=search_term_string"}],"inLanguage":"es"},{"@type":"Organization","@id":"https:\/\/monnomada.net\/senegal\/#organization","name":"Happy Travel Online","url":"https:\/\/monnomada.net\/senegal\/","logo":{"@type":"ImageObject","inLanguage":"es","@id":"https:\/\/monnomada.net\/senegal\/#\/schema\/logo\/image\/","url":"https:\/\/monnomada.net\/senegal\/wp-content\/uploads\/2020\/03\/logo550-e1585087289202.png","contentUrl":"https:\/\/monnomada.net\/senegal\/wp-content\/uploads\/2020\/03\/logo550-e1585087289202.png","width":90,"height":90,"caption":"Happy Travel Online"},"image":{"@id":"https:\/\/monnomada.net\/senegal\/#\/schema\/logo\/image\/"},"sameAs":["https:\/\/www.facebook.com\/happytravel.viajes\/","https:\/\/x.com\/happytravelon","https:\/\/www.instagram.com\/happytravel.viajes\/","https:\/\/www.youtube.com\/channel\/UCJMoPBeMh6hFMTE4Zzg3sJg"]}]}},"_links":{"self":[{"href":"https:\/\/monnomada.net\/senegal\/wp-json\/wp\/v2\/pages\/103","targetHints":{"allow":["GET"]}}],"collection":[{"href":"https:\/\/monnomada.net\/senegal\/wp-json\/wp\/v2\/pages"}],"about":[{"href":"https:\/\/monnomada.net\/senegal\/wp-json\/wp\/v2\/types\/page"}],"author":[{"embeddable":true,"href":"https:\/\/monnomada.net\/senegal\/wp-json\/wp\/v2\/users\/1"}],"replies":[{"embeddable":true,"href":"https:\/\/monnomada.net\/senegal\/wp-json\/wp\/v2\/comments?post=103"}],"version-history":[{"count":4,"href":"https:\/\/monnomada.net\/senegal\/wp-json\/wp\/v2\/pages\/103\/revisions"}],"predecessor-version":[{"id":263,"href":"https:\/\/monnomada.net\/senegal\/wp-json\/wp\/v2\/pages\/103\/revisions\/263"}],"up":[{"embeddable":true,"href":"https:\/\/monnomada.net\/senegal\/wp-json\/wp\/v2\/pages\/212"}],"wp:attachment":[{"href":"https:\/\/monnomada.net\/senegal\/wp-json\/wp\/v2\/media?parent=103"}],"curies":[{"name":"wp","href":"https:\/\/api.w.org\/{rel}","templated":true}]}}